{"id":16478,"date":"2026-03-02T15:27:28","date_gmt":"2026-03-02T15:27:28","guid":{"rendered":"http:\/\/profile-art.com\/?page_id=16478"},"modified":"2026-03-02T15:28:54","modified_gmt":"2026-03-02T15:28:54","slug":"privacy-policy","status":"publish","type":"page","link":"https:\/\/profile-art.com\/tr\/privacy-policy\/","title":{"rendered":"Gizlilik Politikas\u0131"},"content":{"rendered":"<h2 class=\"wp-block-heading has-text-align-center\"><strong>PROFILE-ART.COM \u2014 G\u0130ZL\u0130L\u0130K POL\u0130T\u0130KASI (BK GDPR \/ DPA 2018)<\/strong><\/h2>\n\n\n\n<p class=\"has-text-align-center\"><em>Y\u00fcr\u00fcrl\u00fck tarihi: 25 Eyl\u00fcl 2025<\/em><\/p>\n\n\n\n<h2 class=\"wp-block-heading\">1) Biz Kimiz (Veri Sorumlusu)<\/h2>\n\n\n\n<p>Profile-Art.com, \u0130ngiltere ve Galler&#039;de tescilli bir \u015firket olan NEWBRIDGE CAPITAL BATH LTD (bundan b\u00f6yle &quot;\u015eirket&quot;, &quot;biz&quot;, &quot;bize&quot;, &quot;bizim&quot; olarak an\u0131lacakt\u0131r) taraf\u0131ndan i\u015fletilmektedir. Kay\u0131tl\u0131 ofis adresi: Dept 6101, 43 Owston Road, Carcroft, Doncaster, Birle\u015fik Krall\u0131k, DN6 8DA. \u0130leti\u015fim: info@profile-art.com<\/p>\n\n\n\n<h2 class=\"wp-block-heading\">2) Bu Gizlilik Politikas\u0131n\u0131n Kapsam\u0131<\/h2>\n\n\n\n<p>Bu Gizlilik Politikas\u0131, web sitemizi ziyaret etti\u011finizde, hesap olu\u015fturdu\u011funuzda, tek seferlik indirilebilir dijital avatar g\u00f6rselleri sat\u0131n ald\u0131\u011f\u0131n\u0131zda veya bizimle ileti\u015fime ge\u00e7ti\u011finizde ki\u015fisel verileri nas\u0131l toplad\u0131\u011f\u0131m\u0131z\u0131, kulland\u0131\u011f\u0131m\u0131z\u0131, payla\u015ft\u0131\u011f\u0131m\u0131z\u0131 ve korudu\u011fumuzu a\u00e7\u0131klamaktad\u0131r. Abonelik hizmeti sunmuyoruz ve yaln\u0131zca \u00f6deme se\u00e7ene\u011fi sa\u011fl\u0131yoruz.<\/p>\n\n\n\n<h2 class=\"wp-block-heading\">3) Hangi verileri topluyoruz?<\/h2>\n\n\n\n<p>Bizimle nas\u0131l etkile\u015fim kurdu\u011funuza ba\u011fl\u0131 olarak a\u015fa\u011f\u0131daki ki\u015fisel veri kategorilerini topluyor ve i\u015fliyoruz:<\/p>\n\n\n\n<p>\u2022 Hesap ve kimlik bilgileri: ad, e-posta adresi, parola \u00f6zeti (hesap olu\u015fturulmu\u015fsa).<\/p>\n\n\n\n<p>\u2022 Sipari\u015f ve i\u015flem verileri: faturalama e-postas\u0131, sat\u0131n al\u0131nan \u00fcr\u00fcnler, para birimi, tutar, zaman damgalar\u0131, \u00f6deme i\u015flemcimizden al\u0131nan s\u0131n\u0131rl\u0131 \u00f6deme durumu meta verileri (kart numaralar\u0131n\u0131n tamam\u0131n\u0131 saklam\u0131yoruz).<\/p>\n\n\n\n<p>\u2022 \u0130leti\u015fim: Bize g\u00f6nderdi\u011finiz mesajlar (\u00f6rne\u011fin, destek e-postalar\u0131), sundu\u011funuz yorumlar veya geri bildirimler.<\/p>\n\n\n\n<p>\u2022 Cihaz ve kullan\u0131m verileri: IP adresi, cihaz tan\u0131mlay\u0131c\u0131lar\u0131, taray\u0131c\u0131 t\u00fcr\u00fc, g\u00f6r\u00fcnt\u00fclenen sayfalar, oturum s\u00fcresi, y\u00f6nlendirme\/ili\u015fkilendirme verileri ve temel tan\u0131lama kay\u0131tlar\u0131.<\/p>\n\n\n\n<p>\u2022 \u00c7erezler ve benzer teknolojiler: Kategoriler, ama\u00e7lar ve se\u00e7enekler hakk\u0131nda ayr\u0131nt\u0131l\u0131 bilgi i\u00e7in \u00c7erez Politikam\u0131za bak\u0131n.<\/p>\n\n\n\n<h2 class=\"wp-block-heading\">4) Verilerinizi nereden al\u0131yoruz?<\/h2>\n\n\n\n<p>\u2022 Web sitesini ziyaret etti\u011finizde, hesap olu\u015fturdu\u011funuzda, sipari\u015f verdi\u011finizde veya bizimle ileti\u015fime ge\u00e7ti\u011finizde do\u011frudan sizden.<br>\u2022 Web sitemizdeki \u00e7erezler ve benzer teknolojiler arac\u0131l\u0131\u011f\u0131yla otomatik olarak (\u00c7erez Politikas\u0131na bak\u0131n\u0131z).<br>\u2022 Sipari\u015finizle ilgili \u00fc\u00e7\u00fcnc\u00fc taraflardan (\u00f6rne\u011fin, \u00f6deme i\u015flemcilerinden) s\u0131n\u0131rl\u0131 \u00f6deme durumu verileri.<\/p>\n\n\n\n<h2 class=\"wp-block-heading\">5) Verilerinizi nas\u0131l kullan\u0131yoruz ve yasal dayanaklar\u0131m\u0131z<\/h2>\n\n\n\n<p>Ki\u015fisel verileri a\u015fa\u011f\u0131da belirtilen ama\u00e7lar do\u011frultusunda kullan\u0131yoruz ve Birle\u015fik Krall\u0131k Genel Veri Koruma Y\u00f6netmeli\u011fi (GDPR) kapsam\u0131nda belirtilen yasal dayanaklara dayan\u0131yoruz:<\/p>\n\n\n\n<p>\u2022 Web sitesini sa\u011flamak, sipari\u015finizi i\u015flemek, dijital indirmeleri teslim etmek ve m\u00fc\u015fteri deste\u011fi sunmak i\u00e7in \u2014 Yasal dayanak: s\u00f6zle\u015fme (Madde 6(1)(b)).<\/p>\n\n\n\n<p>\u2022 K\u00f6t\u00fcye kullan\u0131m\u0131 \u00f6nlemek, hizmet b\u00fct\u00fcnl\u00fc\u011f\u00fcn\u00fc sa\u011flamak, g\u00fcvenli\u011fi korumak ve sorunlar\u0131 te\u015fhis etmek i\u00e7in \u2014 Yasal dayanak: me\u015fru menfaatler (Madde 6(1)(f)).<\/p>\n\n\n\n<p>\u2022 Toplu analizler kullanarak web sitesini iyile\u015ftirmek ve performans\u0131 anlamak i\u00e7in \u2014 Yasal dayanak: me\u015fru menfaatler (Madde 6(1)(f)). Gerekti\u011finde, \u00e7erez banner&#039;\u0131 arac\u0131l\u0131\u011f\u0131yla verdi\u011finiz onaya g\u00fcveniyoruz.<\/p>\n\n\n\n<p>\u2022 Sipari\u015finizle ilgili hizmet e-postalar\u0131 g\u00f6ndermek (makbuzlar, teslimat mesajlar\u0131) \u2014 Yasal dayanak: s\u00f6zle\u015fme (Madde 6(1)(b)).<\/p>\n\n\n\n<p>\u2022 Yasal y\u00fck\u00fcml\u00fcl\u00fcklere uymak i\u00e7in (\u00f6rne\u011fin, muhasebe ve vergi kurallar\u0131) \u2014 Yasal dayanak: yasal y\u00fck\u00fcml\u00fcl\u00fck (Madde 6(1)(c)).<\/p>\n\n\n\n<h2 class=\"wp-block-heading\">6) \u00c7erezler ve benzer teknolojiler<\/h2>\n\n\n\n<p>Sitenin \u00e7al\u0131\u015fmas\u0131 i\u00e7in gerekli olan temel \u00e7erezleri ve onay\u0131n\u0131zla birlikte analiz\/ili\u015fkilendirme ama\u00e7l\u0131 temel olmayan \u00e7erezleri kullan\u0131yoruz. Tercihlerinizi istedi\u011finiz zaman \u00e7erez banner&#039;\u0131 veya ayarlar\u0131 arac\u0131l\u0131\u011f\u0131yla y\u00f6netebilirsiniz. Ayr\u0131nt\u0131lar i\u00e7in l\u00fctfen ayr\u0131 \u00c7erez Politikam\u0131za bak\u0131n.<\/p>\n\n\n\n<h2 class=\"wp-block-heading\">7) \u00d6demeler<\/h2>\n\n\n\n<p>\u00d6demeler, bizim ad\u0131m\u0131za \u00fc\u00e7\u00fcnc\u00fc taraf \u00f6deme i\u015flemcileri taraf\u0131ndan i\u015flenir. Tam \u00f6deme kart\u0131 numaralar\u0131n\u0131 toplam\u0131yor veya saklam\u0131yoruz. \u0130\u015flemci, kart verileri i\u00e7in ayr\u0131 bir denetleyici veya i\u015flemci g\u00f6revi g\u00f6r\u00fcr; daha fazla bilgi i\u00e7in l\u00fctfen gizlilik bildirimlerini inceleyin.<\/p>\n\n\n\n<h2 class=\"wp-block-heading\">8) Verilerinizin payla\u015f\u0131lmas\u0131<\/h2>\n\n\n\n<p>Ki\u015fisel verilerinizi yaln\u0131zca gerekti\u011fi durumlarda \u015fu ki\u015filerle payla\u015f\u0131r\u0131z: (a) web sitesini i\u015fletmemize, dijital i\u00e7erik sunmam\u0131za, analiz\/ili\u015fkilendirme sa\u011flamam\u0131za ve \u00f6demeleri i\u015flememize yard\u0131mc\u0131 olan hizmet sa\u011flay\u0131c\u0131lar; (b) profesyonel dan\u0131\u015fmanlar (\u00f6rne\u011fin, muhasebeciler); ve (c) kanun gerektirdi\u011fi durumlarda yetkililer. Ki\u015fisel verilerinizi satm\u0131yoruz.<\/p>\n\n\n\n<h2 class=\"wp-block-heading\">9) Uluslararas\u0131 veri transferleri<\/h2>\n\n\n\n<p>Ki\u015fisel veriler Birle\u015fik Krall\u0131k (veya Avrupa Ekonomik Alan\u0131) d\u0131\u015f\u0131na aktar\u0131ld\u0131\u011f\u0131nda, Birle\u015fik Krall\u0131k Uluslararas\u0131 Veri Transferi Anla\u015fmas\u0131 (IDTA) veya AB Standart S\u00f6zle\u015fme Maddelerine Birle\u015fik Krall\u0131k Ek S\u00f6zle\u015fmesi gibi uygun g\u00fcvenlik \u00f6nlemlerini uyguluyor ve gerekti\u011fi gibi transfer de\u011ferlendirmeleri yap\u0131yoruz.<\/p>\n\n\n\n<h2 class=\"wp-block-heading\">10) Verilerinizi ne kadar s\u00fcreyle sakl\u0131yoruz?<\/h2>\n\n\n\n<p>Ki\u015fisel verileri yaln\u0131zca bu Politikada belirtilen ama\u00e7lar i\u00e7in gerekli oldu\u011fu s\u00fcrece saklar\u0131z; bu ama\u00e7lar aras\u0131nda hizmet sunmak, anla\u015fmazl\u0131klar\u0131 \u00e7\u00f6zmek, \u015fartlar\u0131m\u0131z\u0131 uygulamak ve yasal\/muhasebe gerekliliklerini kar\u015f\u0131lamak yer almaktad\u0131r. Tipik saklama s\u00fcreleri \u015funlard\u0131r: sipari\u015f kay\u0131tlar\u0131 6 y\u0131la kadar; destek yaz\u0131\u015fmalar\u0131 2 y\u0131la kadar; analiz verileri \u00e7erez \u00f6mr\u00fcne uygun olarak veya sonras\u0131nda toplanarak saklan\u0131r.<\/p>\n\n\n\n<h2 class=\"wp-block-heading\">11) Birle\u015fik Krall\u0131k GDPR kapsam\u0131ndaki haklar\u0131n\u0131z<\/h2>\n\n\n\n<p>Ki\u015fisel verilerinize eri\u015fim, d\u00fczeltme, silme, k\u0131s\u0131tlama ve ta\u015f\u0131nabilirlik talep etme ve me\u015fru menfaatlere dayal\u0131 i\u015flemeye itiraz etme hakk\u0131na sahipsiniz. Onay\u0131n\u0131za dayand\u0131\u011f\u0131m\u0131z durumlarda (\u00f6rne\u011fin, zorunlu olmayan \u00e7erezler), onay\u0131n\u0131z\u0131 istedi\u011finiz zaman geri \u00e7ekebilirsiniz. Bu haklar ko\u015fullara ve istisnalara tabi olabilir.<\/p>\n\n\n\n<h2 class=\"wp-block-heading\">12) Haklar\u0131n\u0131z\u0131 nas\u0131l kullanabilirsiniz?<\/h2>\n\n\n\n<p>Talepte bulunmak i\u00e7in l\u00fctfen bize \u015fu adresten e-posta g\u00f6nderin: <a href=\"mailto:info@profile-art.com\">info@profile-art.com<\/a> Sipari\u015finiz veya hesab\u0131n\u0131zla ili\u015fkili adresten. Kimli\u011finizi do\u011frulamak i\u00e7in s\u0131n\u0131rl\u0131 bilgi isteyebiliriz. Bir ay i\u00e7inde yan\u0131t vermeyi hedefliyoruz.<\/p>\n\n\n\n<h2 class=\"wp-block-heading\">13) \u00c7ocuklar<\/h2>\n\n\n\n<p>Web sitemiz yeti\u015fkinlere y\u00f6neliktir. \u00c7ocuklardan bilerek ki\u015fisel veri toplam\u0131yoruz. Bir \u00e7ocu\u011fun ki\u015fisel veri sa\u011flad\u0131\u011f\u0131na inan\u0131yorsan\u0131z, l\u00fctfen bizimle ileti\u015fime ge\u00e7in \u0924\u093e\u0915\u093f bu verileri silebilelim.<\/p>\n\n\n\n<h2 class=\"wp-block-heading\">14) G\u00fcvenlik<\/h2>\n\n\n\n<p>Ki\u015fisel verileri korumak i\u00e7in, iletim s\u0131ras\u0131nda \u015fifreleme, eri\u015fim kontrolleri ve veri minimizasyonu da dahil olmak \u00fczere teknik ve organizasyonel \u00f6nlemler uyguluyoruz. Hi\u00e7bir iletim veya depolama y\u00f6ntemi tamamen g\u00fcvenli de\u011fildir.<\/p>\n\n\n\n<h2 class=\"wp-block-heading\">15) Bu Gizlilik Politikas\u0131nda De\u011fi\u015fiklikler<\/h2>\n\n\n\n<p>Yasa veya uygulamalar\u0131m\u0131zdaki de\u011fi\u015fiklikleri yans\u0131tmak i\u00e7in bu Politikay\u0131 zaman zaman g\u00fcncelleyebiliriz. G\u00fcncellenmi\u015f s\u00fcr\u00fcm\u00fc yeni bir y\u00fcr\u00fcrl\u00fck tarihiyle birlikte yay\u0131nlayaca\u011f\u0131z.<\/p>\n\n\n\n<h2 class=\"wp-block-heading\">16) \u0130leti\u015fim ve \u015fikayetler<\/h2>\n\n\n\n<p>Sorular\u0131n\u0131z veya endi\u015feleriniz mi var? E-posta: <a href=\"mailto:info@profile-art.com\">info@profile-art.com<\/a><br>Yan\u0131t\u0131m\u0131zdan memnun kalmazsan\u0131z, Birle\u015fik Krall\u0131k Bilgi Komiserli\u011fi Ofisi&#039;ne (ICO) \u015fikayette bulunma hakk\u0131n\u0131z vard\u0131r. Bilgi Komiserli\u011fi Ofisi, Wycliffe House, Water Lane, Wilmslow, Cheshire, SK9 5AF; telefon: +44 303 123 1113; ico.org.uk.<\/p>\n\n\n\n<p><em><br>\u00a9 NEWBRIDGE CAPITAL BATH LTD \u2014 Profile-Art.com<\/em><\/p>\n\n\n\n<style>\nh1, h2, h3, a, p, span, li {color: white;}\n<\/style>","protected":false},"excerpt":{"rendered":"<p>PROFILE-ART.COM \u2014 PRIVACY POLICY (UK GDPR \/ DPA 2018) Effective date: 25 September 2025 1) Who we are (Data Controller) Profile-Art.com is operated by NEWBRIDGE CAPITAL BATH LTD (the \u201cCompany\u201d, \u201cwe\u201d, \u201cus\u201d, \u201cour\u201d), a company incorporated in England and Wales. Registered office: Dept 6101, 43 Owston Road, Carcroft, Doncaster, United Kingdom, DN6 8DA. Contact: info@profile-art.com [&hellip;]<\/p>\n","protected":false},"author":1,"featured_media":0,"parent":0,"menu_order":0,"comment_status":"closed","ping_status":"closed","template":"","meta":{"footnotes":""},"class_list":["post-16478","page","type-page","status-publish","hentry"],"_links":{"self":[{"href":"https:\/\/profile-art.com\/tr\/wp-json\/wp\/v2\/pages\/16478","targetHints":{"allow":["GET"]}}],"collection":[{"href":"https:\/\/profile-art.com\/tr\/wp-json\/wp\/v2\/pages"}],"about":[{"href":"https:\/\/profile-art.com\/tr\/wp-json\/wp\/v2\/types\/page"}],"author":[{"embeddable":true,"href":"https:\/\/profile-art.com\/tr\/wp-json\/wp\/v2\/users\/1"}],"replies":[{"embeddable":true,"href":"https:\/\/profile-art.com\/tr\/wp-json\/wp\/v2\/comments?post=16478"}],"version-history":[{"count":1,"href":"https:\/\/profile-art.com\/tr\/wp-json\/wp\/v2\/pages\/16478\/revisions"}],"predecessor-version":[{"id":16479,"href":"https:\/\/profile-art.com\/tr\/wp-json\/wp\/v2\/pages\/16478\/revisions\/16479"}],"wp:attachment":[{"href":"https:\/\/profile-art.com\/tr\/wp-json\/wp\/v2\/media?parent=16478"}],"curies":[{"name":"wp","href":"https:\/\/api.w.org\/{rel}","templated":true}]}}