{"id":16480,"date":"2026-03-02T15:30:28","date_gmt":"2026-03-02T15:30:28","guid":{"rendered":"http:\/\/profile-art.com\/?page_id=16480"},"modified":"2026-03-02T15:30:38","modified_gmt":"2026-03-02T15:30:38","slug":"cookie-policy","status":"publish","type":"page","link":"https:\/\/profile-art.com\/tr\/cookie-policy\/","title":{"rendered":"\u00c7erez Politikas\u0131"},"content":{"rendered":"<h2 class=\"wp-block-heading has-text-align-center\"><strong>PROFILE-ART.COM \u2014 \u00c7EREZ POL\u0130T\u0130KASI (PECR ve \u0130ngiltere GDPR)<\/strong><\/h2>\n\n\n\n<p class=\"has-text-align-center\"><em>Y\u00fcr\u00fcrl\u00fck tarihi: 25 Eyl\u00fcl 2025<\/em><\/p>\n\n\n\n<h2 class=\"wp-block-heading\">1) Bu duyuru hakk\u0131nda<\/h2>\n\n\n\n<p>Bu \u00c7erez Politikas\u0131, Profile-Art.com&#039;un web sitemizde \u00e7erezleri ve benzer teknolojileri nas\u0131l kulland\u0131\u011f\u0131n\u0131 a\u00e7\u0131klamaktad\u0131r. Gizlilik Politikam\u0131zla birlikte okunmal\u0131d\u0131r. Gerekti\u011finde, zorunlu olmayan \u00e7erezleri yerle\u015ftirmeden \u00f6nce onay\u0131n\u0131z\u0131 isteyece\u011fiz.<\/p>\n\n\n\n<h2 class=\"wp-block-heading\">2) Biz Kimiz ve Bizimle Nas\u0131l \u0130leti\u015fime Ge\u00e7ebilirsiniz?<\/h2>\n\n\n\n<p>Profile-Art.com, NEWBRIDGE CAPITAL BATH LTD, Dept 6101, 43 Owston Road, Carcroft, Doncaster, Birle\u015fik Krall\u0131k, DN6 8DA taraf\u0131ndan i\u015fletilmektedir. \u0130leti\u015fim: info@profile-art.com<\/p>\n\n\n\n<h2 class=\"wp-block-heading\">3) \u00c7erezler ve benzer teknolojiler nelerdir?<\/h2>\n\n\n\n<p>\u00c7erezler, cihaz\u0131n\u0131za yerle\u015ftirilen ve \u00e7erezi yerle\u015ftiren alan ad\u0131ndaki bir web sunucusu taraf\u0131ndan al\u0131nabilen verileri depolayan k\u00fc\u00e7\u00fck metin dosyalar\u0131d\u0131r. \u0130lgili teknolojiler aras\u0131nda yerel depolama, pikseller, etiketler ve SDK&#039;lar bulunur. Bunlar\u0131 web sitesini \u00e7al\u0131\u015ft\u0131rmak, tercihlerinizi hat\u0131rlamak ve sitenin nas\u0131l performans g\u00f6sterdi\u011fini anlamak i\u00e7in kullan\u0131yoruz.<\/p>\n\n\n\n<h2 class=\"wp-block-heading\">4) Yasal dayanak ve onay se\u00e7enekleriniz<\/h2>\n\n\n\n<p>Birle\u015fik Krall\u0131k Gizlilik ve Elektronik \u0130leti\u015fim Y\u00f6netmelikleri (PECR) uyar\u0131nca, bu sitenin \u00e7al\u0131\u015fmas\u0131 i\u00e7in kesinlikle gerekli olan \u00e7erezleri cihaz\u0131n\u0131zda saklayabiliriz. Di\u011fer t\u00fcm \u00e7erez t\u00fcrleri i\u00e7in onay\u0131n\u0131za ihtiyac\u0131m\u0131z var. Zorunlu olmayan \u00e7erezler i\u00e7in onay\u0131n\u0131za, hizmeti sunmak i\u00e7in gerekli olan temel \u00e7erezler i\u00e7in ise me\u015fru menfaatlerimize dayan\u0131yoruz.<\/p>\n\n\n\n<p>\u00c7erez izninizi web sitemizde bulunan \u00e7erez banner&#039;\u0131 veya tercihler arac\u0131 arac\u0131l\u0131\u011f\u0131yla verebilir veya geri \u00e7ekebilirsiniz. Se\u00e7imleriniz kulland\u0131\u011f\u0131n\u0131z cihaza ve taray\u0131c\u0131ya uygulan\u0131r. Bunlar\u0131 istedi\u011finiz zaman de\u011fi\u015ftirebilirsiniz.<\/p>\n\n\n\n<h2 class=\"wp-block-heading\">5) Kulland\u0131\u011f\u0131m\u0131z \u00e7erez kategorileri<\/h2>\n\n\n\n<p>\u00c7erezleri a\u015fa\u011f\u0131daki kategorilere ay\u0131r\u0131yoruz:<\/p>\n\n\n\n<p><strong>A) Kesinlikle Gerekli (Esas)<\/strong><\/p>\n\n\n\n<p>Sayfa navigasyonu, g\u00fcvenli alanlara eri\u015fim, \u00f6deme ak\u0131\u015f\u0131 ve onay kayd\u0131 gibi temel site i\u015flevleri i\u00e7in gereklidir. Bu \u00e7erezler olmadan web sitesi d\u00fczg\u00fcn \u00e7al\u0131\u015famaz.<\/p>\n\n\n\n<p>\u00d6rnekler: oturum tan\u0131mlay\u0131c\u0131s\u0131; y\u00fck dengeleyici; g\u00fcvenlik; onay tercihlerinizi saklayan \u00e7erez.<\/p>\n\n\n\n<p><strong>B) \u0130\u015flevsel \/ Giri\u015f<\/strong><\/p>\n\n\n\n<p>Tercihlerinizi hat\u0131rlay\u0131n ve deneyiminizi iyile\u015ftirin; \u00f6rne\u011fin, oturumunuzun a\u00e7\u0131k kalmas\u0131n\u0131 sa\u011flay\u0131n, dil veya para birimini hat\u0131rlay\u0131n ve bir oturum boyunca sepetteki \u00fcr\u00fcnleri koruyun.<\/p>\n\n\n\n<p>\u00d6rnekler: oturum a\u00e7ma durumu; dil; para birimi; sepet\/oturum kal\u0131c\u0131l\u0131\u011f\u0131.<\/p>\n\n\n\n<p><strong>C) Analitik \/ \u0130statistik \/ At\u0131f<\/strong><\/p>\n\n\n\n<p>Site kullan\u0131m\u0131n\u0131 ve performans\u0131n\u0131 toplu olarak anlamam\u0131za yard\u0131mc\u0131 olun (\u00f6rne\u011fin, sayfa g\u00f6r\u00fcnt\u00fclemeleri, pop\u00fcler i\u00e7erik, y\u00f6nlendirme kaynaklar\u0131). Baz\u0131 analiz ve ili\u015fkilendirme etiketleri bir etiket y\u00f6neticisi arac\u0131l\u0131\u011f\u0131yla sunulabilir. Bu verileri web sitesini iyile\u015ftirmek i\u00e7in kullan\u0131yoruz.<\/p>\n\n\n\n<p>\u00d6rnekler: ilk\/son temas ili\u015fkilendirme \u00e7erezleri (\u00f6r. sbjs_*), oturum s\u00fcresi, y\u00f6nlendiren URL&#039;ler.<\/p>\n\n\n\n<p><strong>D) Pazarlama (etkinle\u015ftirilmi\u015fse)<\/strong><\/p>\n\n\n\n<p>\u0130lgili reklamlar\u0131 sunmak i\u00e7in ziyaret\u00e7ileri web siteleri aras\u0131nda izlemek amac\u0131yla kullan\u0131l\u0131r. Y\u00fcr\u00fcrl\u00fck tarihi itibariyle, Profile-Art.com&#039;da pazarlama\/reklam \u00e7erezleri kullanm\u0131yoruz. Gelecekte bunlar\u0131 etkinle\u015ftirirsek, \u00f6nce onay isteyece\u011fiz ve bu Politikay\u0131 g\u00fcncelleyece\u011fiz.<\/p>\n\n\n\n<h2 class=\"wp-block-heading\">6) \u00c7erezlerin kullan\u0131m \u00f6mr\u00fc (saklanma s\u00fcresi)<\/h2>\n\n\n\n<p>\u00c7erezler ya &quot;oturum&quot; \u00e7erezleridir (taray\u0131c\u0131n\u0131z\u0131 kapatt\u0131\u011f\u0131n\u0131zda sona erer) ya da &quot;kal\u0131c\u0131&quot; \u00e7erezlerdir (sa\u011flay\u0131c\u0131 taraf\u0131ndan belirlenen bir s\u00fcre boyunca kal\u0131r). Tipik \u00f6m\u00fcr s\u00fcreleri birka\u00e7 dakikadan birka\u00e7 aya kadar de\u011fi\u015fir. Web sitemizdeki \u00e7erez banner&#039;\u0131 veya tercih merkezi, \u015fu anda kullan\u0131mda olan \u00e7erezleri ve \u00f6m\u00fcr s\u00fcrelerini g\u00f6sterir.<\/p>\n\n\n\n<h2 class=\"wp-block-heading\">7) \u00c7erezleri nas\u0131l y\u00f6netebilir veya reddedebilirsiniz?<\/h2>\n\n\n\n<p>\u2022 Sitemizdeki \u00e7erez banner&#039;\u0131n\u0131\/tercihleri arac\u0131n\u0131 kullanarak, zorunlu olmayan kategorilere dahil olup olmamay\u0131 se\u00e7ebilirsiniz.<br>\u2022 Taray\u0131c\u0131 ayarlar\u0131n\u0131z\u0131 de\u011fi\u015ftirerek \u00e7erezleri engelleyin veya silin (bunu yapmak sitenin temel i\u015flevlerini etkileyebilir).<br>\u2022 Her bir analiz sa\u011flay\u0131c\u0131s\u0131ndan, sa\u011flay\u0131c\u0131ya \u00f6zel devre d\u0131\u015f\u0131 b\u0131rakma se\u00e7enekleri mevcut olabilir.<\/p>\n\n\n\n<h2 class=\"wp-block-heading\">8) \u00dc\u00e7\u00fcnc\u00fc taraf \u00e7erezleri ve g\u00f6m\u00fcl\u00fc i\u00e7erik<\/h2>\n\n\n\n<p>Sitemize hizmet sa\u011flayan \u00fc\u00e7\u00fcnc\u00fc taraflarca (\u00f6rne\u011fin, analiz veya g\u00f6m\u00fcl\u00fc i\u00e7erik) baz\u0131 \u00e7erezler ayarlanabilir. \u00dc\u00e7\u00fcnc\u00fc taraf \u00e7erezleri, ilgili \u00fc\u00e7\u00fcnc\u00fc taraf\u0131n kendi gizlilik ve \u00e7erez politikalar\u0131na tabidir.<\/p>\n\n\n\n<h2 class=\"wp-block-heading\">9) Bu \u00c7erez Politikas\u0131na \u0130li\u015fkin G\u00fcncellemeler<\/h2>\n\n\n\n<p>\u00c7erez kullan\u0131m\u0131m\u0131zdaki de\u011fi\u015fiklikleri, yasal gereklilikleri veya faaliyetlerimizi yans\u0131tmak i\u00e7in bu Politikay\u0131 g\u00fcncelleyebiliriz. G\u00fcncellenmi\u015f s\u00fcr\u00fcm\u00fc yeni bir y\u00fcr\u00fcrl\u00fck tarihiyle birlikte yay\u0131nlayaca\u011f\u0131z. De\u011fi\u015fiklikler y\u00fcr\u00fcrl\u00fc\u011fe girdikten sonra web sitesini kullanmaya devam etmeniz, g\u00fcncellenmi\u015f Politikay\u0131 kabul etti\u011finiz anlam\u0131na gelir.<\/p>\n\n\n\n<h2 class=\"wp-block-heading\">10) \u0130leti\u015fim<\/h2>\n\n\n\n<p>Bu \u00c7erez Politikas\u0131 veya tercihlerinizle ilgili sorular\u0131n\u0131z m\u0131 var? E-posta: <a href=\"mailto:info@profile-art.com\">info@profile-art.com<\/a><\/p>\n\n\n\n<p><em><br>\u00a9 NEWBRIDGE CAPITAL BATH LTD \u2014 Profile-Art.com<\/em><\/p>\n\n\n\n<style>\nh1, h2, h3, a, p, span, li {color: white;}\n<\/style>","protected":false},"excerpt":{"rendered":"<p>PROFILE-ART.COM \u2014 COOKIE POLICY (PECR &amp; UK GDPR) Effective date: 25 September 2025 1) About this notice This Cookie Policy explains how Profile-Art.com uses cookies and similar technologies on our website. It should be read alongside our Privacy Policy. Where required, we will ask for your consent before setting non-essential cookies. 2) Who we are [&hellip;]<\/p>\n","protected":false},"author":1,"featured_media":0,"parent":0,"menu_order":0,"comment_status":"closed","ping_status":"closed","template":"","meta":{"footnotes":""},"class_list":["post-16480","page","type-page","status-publish","hentry"],"_links":{"self":[{"href":"https:\/\/profile-art.com\/tr\/wp-json\/wp\/v2\/pages\/16480","targetHints":{"allow":["GET"]}}],"collection":[{"href":"https:\/\/profile-art.com\/tr\/wp-json\/wp\/v2\/pages"}],"about":[{"href":"https:\/\/profile-art.com\/tr\/wp-json\/wp\/v2\/types\/page"}],"author":[{"embeddable":true,"href":"https:\/\/profile-art.com\/tr\/wp-json\/wp\/v2\/users\/1"}],"replies":[{"embeddable":true,"href":"https:\/\/profile-art.com\/tr\/wp-json\/wp\/v2\/comments?post=16480"}],"version-history":[{"count":1,"href":"https:\/\/profile-art.com\/tr\/wp-json\/wp\/v2\/pages\/16480\/revisions"}],"predecessor-version":[{"id":16481,"href":"https:\/\/profile-art.com\/tr\/wp-json\/wp\/v2\/pages\/16480\/revisions\/16481"}],"wp:attachment":[{"href":"https:\/\/profile-art.com\/tr\/wp-json\/wp\/v2\/media?parent=16480"}],"curies":[{"name":"wp","href":"https:\/\/api.w.org\/{rel}","templated":true}]}}