{"id":16482,"date":"2026-03-02T15:32:44","date_gmt":"2026-03-02T15:32:44","guid":{"rendered":"http:\/\/profile-art.com\/?page_id=16482"},"modified":"2026-03-02T15:32:52","modified_gmt":"2026-03-02T15:32:52","slug":"refund-and-returns-policy","status":"publish","type":"page","link":"https:\/\/profile-art.com\/tr\/refund-and-returns-policy\/","title":{"rendered":"Geri \u00d6deme ve \u0130ade Politikas\u0131"},"content":{"rendered":"<h2 class=\"wp-block-heading has-text-align-center\"><strong>PROFILE-ART.COM \u2014 \u0130ADE POL\u0130T\u0130KASI (D\u0130J\u0130TAL \u0130\u00c7ER\u0130K)<\/strong><\/h2>\n\n\n\n<p class=\"has-text-align-center\"><em>Y\u00fcr\u00fcrl\u00fck tarihi: 25 Eyl\u00fcl 2025<\/em><\/p>\n\n\n\n<h2 class=\"wp-block-heading\">1) \u00d6zet<\/h2>\n\n\n\n<p>Tek seferlik indirilebilir dijital avatar g\u00f6rselleri sat\u0131yoruz (abonelik yok). Dijital i\u00e7erik an\u0131nda teslim edildi\u011finden, indirme ba\u011flant\u0131s\u0131 veya dosya sa\u011fland\u0131ktan sonra sipari\u015fler genellikle iade edilemez. Bu Politika, ne zaman para iadesi talep edebilece\u011finizi, bizimle nas\u0131l ileti\u015fime ge\u00e7ece\u011finizi ve bir sorunu h\u0131zl\u0131 bir \u015fekilde \u00e7\u00f6zmek i\u00e7in hangi kan\u0131tlara ihtiyac\u0131m\u0131z olabilece\u011fini a\u00e7\u0131klamaktad\u0131r.<\/p>\n\n\n\n<h2 class=\"wp-block-heading\">2) Biz Kimiz ve Bizimle Nas\u0131l \u0130leti\u015fime Ge\u00e7ebilirsiniz?<\/h2>\n\n\n\n<p>Profile-Art.com, NEWBRIDGE CAPITAL BATH LTD, Dept 6101, 43 Owston Road, Carcroft, Doncaster, Birle\u015fik Krall\u0131k, DN6 8DA taraf\u0131ndan i\u015fletilmektedir. \u0130leti\u015fim: info@profile-art.com<\/p>\n\n\n\n<h2 class=\"wp-block-heading\">3) Bu Politikan\u0131n Kapsam\u0131<\/h2>\n\n\n\n<p>Bu Politika, Profile-Art.com&#039;dan sat\u0131n al\u0131nan indirilebilir yapay zeka taraf\u0131ndan olu\u015fturulmu\u015f avatar resimleri i\u00e7in ge\u00e7erlidir. Abonelik veya nakit \u00e7ekme \u00f6zelli\u011fi sunmuyoruz. \u00d6demeler tek seferlik dijital i\u00e7erik i\u00e7indir.<\/p>\n\n\n\n<h2 class=\"wp-block-heading\">4) \u0130ptal etme hakk\u0131n\u0131z (dijital i\u00e7erik)<\/h2>\n\n\n\n<p>Dijital i\u00e7erik i\u00e7in, teslimat ba\u015flad\u0131ktan sonra (a\u00e7\u0131k talebiniz \u00fczerine) normalde ge\u00e7erli olan 14 g\u00fcnl\u00fck iptal hakk\u0131 ge\u00e7erli de\u011fildir. \u00d6deme a\u015famas\u0131nda, dijital indirmeye an\u0131nda eri\u015fim istedi\u011finizi onaylaman\u0131z ve indirme ba\u015flad\u0131ktan sonra 14 g\u00fcnl\u00fck iptal hakk\u0131n\u0131z\u0131 kaybetti\u011finizi kabul etmeniz istenir. \u0130ndirmeye eri\u015fmediyseniz ve teslimat ba\u015flamad\u0131ysa, yine de sat\u0131n alma tarihinden itibaren 14 g\u00fcn i\u00e7inde iptal talebinde bulunabilirsiniz.<\/p>\n\n\n\n<h2 class=\"wp-block-heading\">5) Geri \u00f6deme m\u00fcmk\u00fcn olmad\u0131\u011f\u0131nda<\/h2>\n\n\n\n<p>Dijital i\u00e7erik size teslim edildikten sonra (\u00f6rne\u011fin, indirme ba\u011flant\u0131s\u0131 veya dosya size sunulduktan sonra), kanunen zorunlu haller veya a\u015fa\u011f\u0131da B\u00f6l\u00fcm 6&#039;da belirtilen \u00f6zel istisnalar d\u0131\u015f\u0131nda sipari\u015fler i\u00e7in para iadesi yapamay\u0131z. \u0130ade edilemeyen \u00f6rnekler \u015funlard\u0131r: fikir de\u011fi\u015fikli\u011fi; stil tercihi; \u00fcr\u00fcn sayfas\u0131ndaki \u00fcr\u00fcnle teslim edilen \u00fcr\u00fcn\u00fcn ayn\u0131 olmas\u0131 durumunda yanl\u0131\u015f beden\/varyant se\u00e7imi.<\/p>\n\n\n\n<h2 class=\"wp-block-heading\">6) \u0130stisnalar \u2014 geri \u00f6deme almaya hak kazanabilece\u011finiz durumlar<\/h2>\n\n\n\n<p>A\u015fa\u011f\u0131daki durumlarda para iadesi, yedek indirme veya fiyat ayarlamas\u0131 se\u00e7eneklerini de\u011ferlendirece\u011fiz:<br>a) \u00c7ift sat\u0131n alma (ayn\u0131 \u00fcr\u00fcn\u00fc 24 saat i\u00e7inde yanl\u0131\u015fl\u0131kla iki kez sat\u0131n alma).<br>b) Bizim hatam\u0131zdan kaynaklanan teslimat sorunlar\u0131 (\u00f6rne\u011fin, teslimat e-postas\u0131 hi\u00e7 g\u00f6nderilmedi ve indirme ba\u011flant\u0131s\u0131 sa\u011flanmad\u0131).<br>c) Makul sorun giderme \u00e7abalar\u0131na ra\u011fmen eri\u015fimi veya kullan\u0131m\u0131 engelleyen teknik ar\u0131za.<br>d) \u00dcr\u00fcn sayfas\u0131ndaki malzeme a\u00e7\u0131klamas\u0131nda yanl\u0131\u015fl\u0131k (ald\u0131\u011f\u0131n\u0131z \u00fcr\u00fcn\u00fcn a\u00e7\u0131klanan \u00fcr\u00fcnden \u00f6nemli \u00f6l\u00e7\u00fcde farkl\u0131 olmas\u0131).<br>e) Yetkisiz i\u015flem (soru\u015fturmaya tabidir; ayr\u0131ca \u00f6deme sa\u011flay\u0131c\u0131n\u0131zla ileti\u015fime ge\u00e7meniz gerekebilir).<\/p>\n\n\n\n<h2 class=\"wp-block-heading\">7) Kullanabilece\u011fimiz ve talep edebilece\u011fimiz kan\u0131tlar<\/h2>\n\n\n\n<p>Talebinizi \u00e7\u00f6zmek i\u00e7in, sipari\u015f kimli\u011fi, ba\u011flant\u0131 olu\u015fturma ve eri\u015fim zaman damgalar\u0131, sunucu\/indirme g\u00fcnl\u00fckleri ve hata ekran g\u00f6r\u00fcnt\u00fcleri gibi s\u0131n\u0131rl\u0131 kan\u0131tlar kullanabilir ve talep edebiliriz. Bu bilgiler yaln\u0131zca yerine getirme ve teknik sorunlar\u0131 ara\u015ft\u0131rmak i\u00e7in kullan\u0131l\u0131r.<\/p>\n\n\n\n<h2 class=\"wp-block-heading\">8) Para iadesi veya de\u011fi\u015fim talebinde bulunma y\u00f6ntemi<\/h2>\n\n\n\n<p>Sat\u0131n alma i\u015fleminden sonra makul bir s\u00fcre i\u00e7inde (ve indirmeye ba\u015flamad\u0131ysan\u0131z 14 g\u00fcn i\u00e7inde) info@profile-art.com adresine e-posta g\u00f6nderin. \u015eunlar\u0131 ekleyin: (1) sipari\u015f numaran\u0131z; (2) \u00f6deme s\u0131ras\u0131nda kullan\u0131lan e-posta; (3) sorunun k\u0131sa bir a\u00e7\u0131klamas\u0131; (4) yard\u0131mc\u0131 olabilecek ekran g\u00f6r\u00fcnt\u00fcleri veya hata mesajlar\u0131. Genellikle 2 i\u015f g\u00fcn\u00fc i\u00e7inde yan\u0131t veriyoruz ve 14 g\u00fcn i\u00e7inde \u00e7\u00f6zmeyi hedefliyoruz.<\/p>\n\n\n\n<h2 class=\"wp-block-heading\">9) Yazmadan \u00f6nce h\u0131zl\u0131 sorun giderme<\/h2>\n\n\n\n<p>\u2022 Teslimat e-postas\u0131 i\u00e7in spam\/istenmeyen posta klas\u00f6r\u00fcn\u00fcz\u00fc kontrol edin.<br>\u2022 Hesab\u0131n\u0131za giri\u015f yap\u0131n ve sipari\u015f sayfas\u0131n\u0131\/indirme ba\u011flant\u0131s\u0131n\u0131 yeniden a\u00e7may\u0131 deneyin.<br>\u2022 Alternatif bir taray\u0131c\u0131 veya cihaz deneyin; agresif indirme engelleyicilerini\/h\u0131zland\u0131r\u0131c\u0131lar\u0131n\u0131 devre d\u0131\u015f\u0131 b\u0131rak\u0131n.<br>\u2022 Yeterli depolama alan\u0131n\u0131z ve istikrarl\u0131 bir ba\u011flant\u0131n\u0131z oldu\u011fundan emin olun.<br>Ba\u011flant\u0131lar\u0131n s\u00fcresi dolmu\u015fsa, sipari\u015finizi do\u011frulad\u0131ktan sonra genellikle yeni bir ba\u011flant\u0131 olu\u015fturabiliriz.<\/p>\n\n\n\n<h2 class=\"wp-block-heading\">10) Geri \u00f6deme y\u00f6ntemi, para birimi ve zamanlamas\u0131<\/h2>\n\n\n\n<p>Onaylanan iadeler, orijinal \u00f6deme y\u00f6ntemine yap\u0131l\u0131r. Onaylanan iadeleri 3-5 i\u015f g\u00fcn\u00fc i\u00e7inde ba\u015flatmay\u0131 hedefliyoruz; bankan\u0131z veya kart sa\u011flay\u0131c\u0131n\u0131z fonlar\u0131 hesab\u0131n\u0131za yans\u0131tmak i\u00e7in ek s\u00fcreye ihtiya\u00e7 duyabilir. Fiyatlar ve iadeler USD, EUR, AUD veya CAD cinsinden g\u00f6sterilebilir veya i\u015flenebilir; d\u00f6viz kuru farkl\u0131l\u0131klar\u0131, kart sa\u011flay\u0131c\u0131 \u00fccretleri veya zamanlama farkl\u0131l\u0131klar\u0131 bizim kontrol\u00fcm\u00fcz d\u0131\u015f\u0131ndad\u0131r.<\/p>\n\n\n\n<h2 class=\"wp-block-heading\">11) Geri \u00d6demeler<\/h2>\n\n\n\n<p>\u00d6deme iadesi talebinde bulunmay\u0131 d\u00fc\u015f\u00fcn\u00fcyorsan\u0131z, l\u00fctfen \u00f6nce bizimle ileti\u015fime ge\u00e7in, b\u00f6ylece size yard\u0131mc\u0131 olabiliriz. Teslimattan sonra \u00f6deme iadesi talebi olu\u015fturulursa, \u00f6deme sa\u011flay\u0131c\u0131n\u0131za teslimat kan\u0131t\u0131 sunabiliriz. Soru\u015fturma s\u00fcresince indirmelere eri\u015fim ge\u00e7ici olarak durdurulabilir.<\/p>\n\n\n\n<h2 class=\"wp-block-heading\">12) K\u00f6t\u00fcye kullan\u0131m ve adil kullan\u0131m<\/h2>\n\n\n\n<p>\u0130ade i\u015flemlerinin k\u00f6t\u00fcye kullan\u0131ld\u0131\u011f\u0131ndan makul \u015f\u00fcphe duydu\u011fumuz durumlarda (\u00f6rne\u011fin, ba\u015far\u0131l\u0131 teslimatlardan sonra tekrarlanan talepler), iade talebinizi reddedebilir ve\/veya gelecekteki sipari\u015fleri kabul etmeyebiliriz.<\/p>\n\n\n\n<h2 class=\"wp-block-heading\">13) Bu Politikada De\u011fi\u015fiklikler<\/h2>\n\n\n\n<p>Bu Politikay\u0131 zaman zaman g\u00fcncelleyebiliriz. En son s\u00fcr\u00fcm, yeni bir y\u00fcr\u00fcrl\u00fck tarihiyle birlikte web sitesinde yay\u0131nlanacakt\u0131r. De\u011fi\u015fiklikler, daha \u00f6nce verilmi\u015f yasal haklar\u0131 etkilemez.<\/p>\n\n\n\n<h2 class=\"wp-block-heading\">14) \u0130leti\u015fim<\/h2>\n\n\n\n<p>Para iadeleriyle ilgili sorular\u0131n\u0131z m\u0131 var? E-posta: <a href=\"mailto:info@profile-art.com\">info@profile-art.com<\/a><\/p>\n\n\n\n<p><em><br>\u00a9 NEWBRIDGE CAPITAL BATH LTD \u2014 Profile\u2011Art.com<\/em><\/p>\n\n\n\n<style>\nh1, h2, h3, a, p, span, li {color: white;}\n<\/style>","protected":false},"excerpt":{"rendered":"<p>PROFILE-ART.COM \u2014 REFUND POLICY (DIGITAL CONTENT) Effective date: 25 September 2025 1) Summary We sell one\u2011off downloadable digital avatar images (no subscriptions). Because digital content is delivered immediately, orders are generally non\u2011refundable once the download link or file has been provided. This Policy explains when you can ask for a refund, how to contact us, [&hellip;]<\/p>\n","protected":false},"author":1,"featured_media":0,"parent":0,"menu_order":0,"comment_status":"closed","ping_status":"closed","template":"","meta":{"footnotes":""},"class_list":["post-16482","page","type-page","status-publish","hentry"],"_links":{"self":[{"href":"https:\/\/profile-art.com\/tr\/wp-json\/wp\/v2\/pages\/16482","targetHints":{"allow":["GET"]}}],"collection":[{"href":"https:\/\/profile-art.com\/tr\/wp-json\/wp\/v2\/pages"}],"about":[{"href":"https:\/\/profile-art.com\/tr\/wp-json\/wp\/v2\/types\/page"}],"author":[{"embeddable":true,"href":"https:\/\/profile-art.com\/tr\/wp-json\/wp\/v2\/users\/1"}],"replies":[{"embeddable":true,"href":"https:\/\/profile-art.com\/tr\/wp-json\/wp\/v2\/comments?post=16482"}],"version-history":[{"count":1,"href":"https:\/\/profile-art.com\/tr\/wp-json\/wp\/v2\/pages\/16482\/revisions"}],"predecessor-version":[{"id":16483,"href":"https:\/\/profile-art.com\/tr\/wp-json\/wp\/v2\/pages\/16482\/revisions\/16483"}],"wp:attachment":[{"href":"https:\/\/profile-art.com\/tr\/wp-json\/wp\/v2\/media?parent=16482"}],"curies":[{"name":"wp","href":"https:\/\/api.w.org\/{rel}","templated":true}]}}