{"id":16484,"date":"2026-03-02T15:34:51","date_gmt":"2026-03-02T15:34:51","guid":{"rendered":"http:\/\/profile-art.com\/?page_id=16484"},"modified":"2026-03-04T17:18:13","modified_gmt":"2026-03-04T17:18:13","slug":"terms-conditions","status":"publish","type":"page","link":"https:\/\/profile-art.com\/tr\/terms-conditions\/","title":{"rendered":"\u015eartlar ve Ko\u015fullar"},"content":{"rendered":"<h2 class=\"wp-block-heading has-text-align-center\"><strong>PROFILE-ART.COM \u2014 \u015eARTLAR VE KO\u015eULLAR (SATI\u015e VE KULLANIM \u015eARTLARI)<\/strong><\/h2>\n\n\n\n<p class=\"has-text-align-center\">Y\u00fcr\u00fcrl\u00fck tarihi: 03 Ekim 2025<\/p>\n\n\n\n<h2 class=\"wp-block-heading\">1. Biz Kimiz<\/h2>\n\n\n\n<p>Profile-Art.com, \u0130ngiltere ve Galler&#039;de tescilli bir \u015firket olan NEWBRIDGE CAPITAL BATH LTD taraf\u0131ndan i\u015fletilmektedir. Kay\u0131tl\u0131 ofis adresi: Dept 6101, 43 Owston Road, Carcroft, Doncaster, Birle\u015fik Krall\u0131k, DN6 8DA. \u0130leti\u015fim: <a href=\"mailto:info@profile-art.com\">info@profile-art.com<\/a><\/p>\n\n\n\n<h2 class=\"wp-block-heading\">2. Bu \u015eartlar Neleri Kapsar<\/h2>\n\n\n\n<p>Bu \u015eartlar, Profile-Art.com web sitesine eri\u015fiminizi ve kullan\u0131m\u0131n\u0131z\u0131 ve tek seferlik dijital avatar resimlerinin (\u201c\u0130\u00e7erik\u201d) sat\u0131n al\u0131m\u0131n\u0131 d\u00fczenler. Sipari\u015f vererek veya web sitesini kullanarak bu \u015eartlar\u0131 kabul etmi\u015f olursunuz.<\/p>\n\n\n\n<h2 class=\"wp-block-heading\">3. Tan\u0131mlar<\/h2>\n\n\n\n<p><strong>\u201cBiz\u201d, \u201cbize\u201d, \u201cbizim\u201d<\/strong> NEWBRIDGE CAPITAL BATH LTD. anlam\u0131na gelir. <strong>\u201cSen\u201d, \u201csenin\u201d<\/strong> M\u00fc\u015fteri veya site kullan\u0131c\u0131s\u0131 anlam\u0131na gelir. <strong>\u201c&quot;\u0130\u00e7erik&quot;\u201d<\/strong> Bu, web sitesinde dijital indirme olarak sat\u0131lan yapay zeka taraf\u0131ndan olu\u015fturulmu\u015f avatar g\u00f6r\u00fcnt\u00fcleri anlam\u0131na gelir.<\/p>\n\n\n\n<p>A\u00e7\u0131kl\u0131k getirmek gerekirse, abonelik satm\u0131yoruz. T\u00fcm sat\u0131n al\u0131mlar, dijital indirmeler i\u00e7in tek seferlik i\u015flemlerdir.<\/p>\n\n\n\n<h2 class=\"wp-block-heading\">4. Uygunluk ve hesap<\/h2>\n\n\n\n<p>Sat\u0131n alma i\u015flemleri ger\u00e7ekle\u015ftirmek i\u00e7in en az 18 ya\u015f\u0131nda (veya bulundu\u011funuz yarg\u0131 b\u00f6lgesindeki re\u015fit olma ya\u015f\u0131) olmal\u0131s\u0131n\u0131z. Hesap bilgilerinizin gizlili\u011fini korumak ve hesab\u0131n\u0131z alt\u0131ndaki t\u00fcm faaliyetlerden siz sorumlusunuz.<\/p>\n\n\n\n<h2 class=\"wp-block-heading\">5. \u00dcr\u00fcnler, sipari\u015f ve teslimat (dijital i\u00e7erik)<\/h2>\n\n\n\n<p>Web sitesi, yapay zeka taraf\u0131ndan olu\u015fturulmu\u015f avatar resimlerini tek seferlik dijital indirmeler (\u00f6rne\u011fin, JPG\/PNG) olarak sunmaktad\u0131r. \u00d6deme ba\u015far\u0131l\u0131 olduktan sonra, indirme eri\u015fimi hemen veya verdi\u011finiz e-posta adresine e-posta yoluyla sa\u011flan\u0131r. \u0130ndirme ba\u011flant\u0131s\u0131 veya dosya size sunuldu\u011funda teslimat tamamlanm\u0131\u015f say\u0131l\u0131r.<\/p>\n\n\n\n<h2 class=\"wp-block-heading\">6. Fiyatlar, para birimleri ve vergiler<\/h2>\n\n\n\n<p>Fiyatlar \u00fcr\u00fcn sayfalar\u0131nda ve \u00f6deme s\u0131ras\u0131nda g\u00f6sterilir. USD, EUR, AUD, GBP ve CAD cinsinden fiyatland\u0131rma sunabiliriz. Sipari\u015finize uygulanan para birimi \u00f6deme s\u0131ras\u0131nda g\u00f6sterilir. Vergiler (varsa KDV dahil) sipari\u015finizi vermeden \u00f6nce g\u00f6sterilecektir. Toplam sipari\u015f tutar\u0131 i\u00e7in se\u00e7ti\u011finiz \u00f6deme y\u00f6nteminden \u00fccret tahsil etmemize (ve \u00f6deme i\u015flemcilerimize) izin veriyorsunuz.<\/p>\n\n\n\n<h2 class=\"wp-block-heading\">7. Abonelik veya nakit \u00e7ekme yok.<\/h2>\n\n\n\n<p>Tekrarlayan faturaland\u0131rma veya abonelik hizmeti sunmuyoruz. Sat\u0131n al\u0131mlar tek seferliktir. Dijital i\u00e7erik nakde \u00e7evrilemez ve nakit \u00e7ekme i\u015flevi bulunmamaktad\u0131r.<\/p>\n\n\n\n<h2 class=\"wp-block-heading\">8. Dijital i\u00e7erik i\u00e7in iptal hakk\u0131<\/h2>\n\n\n\n<p>Birle\u015fik Krall\u0131k\/AB t\u00fcketici kurallar\u0131na g\u00f6re, dijital i\u00e7eri\u011fin teslimi sizin a\u00e7\u0131k r\u0131zan\u0131zla ba\u015flad\u0131ktan sonra 14 g\u00fcnl\u00fck cayma hakk\u0131 ge\u00e7erli de\u011fildir. \u00d6deme a\u015famas\u0131nda, an\u0131nda teslimat talep etti\u011finizi onaylaman\u0131z ve indirme ba\u015flad\u0131ktan sonra cayma hakk\u0131n\u0131z\u0131 kaybetti\u011finizi kabul etmeniz istenecektir.<\/p>\n\n\n\n<h2 class=\"wp-block-heading\">9. Geri \u00d6demeler<\/h2>\n\n\n\n<p>\u00dcr\u00fcnler dijital indirme oldu\u011fundan, i\u00e7erik size sunulduktan sonra sipari\u015fler genellikle iade edilemez. Yasal zorunluluklar, m\u00fckerrer \u00fccretlendirme, sorun gidermeye ra\u011fmen eri\u015fimi engelleyen teknik ar\u0131za, yanl\u0131\u015f a\u00e7\u0131klama veya bizden kaynaklanan teslimat sorunlar\u0131 gibi durumlarda iade taleplerini de\u011ferlendirece\u011fiz. Ayr\u0131nt\u0131lar ve bizimle nas\u0131l ileti\u015fime ge\u00e7ece\u011finiz hakk\u0131nda bilgi i\u00e7in l\u00fctfen ayr\u0131 \u0130ade Politikam\u0131za bak\u0131n: info@profile-art.com.<\/p>\n\n\n\n<h2 class=\"wp-block-heading\">10. \u0130\u00e7eri\u011fi Kullanma Lisans\u0131<\/h2>\n\n\n\n<p>Tam \u00f6deme yap\u0131ld\u0131ktan sonra, bu \u015eartlara ve ilgili \u00fcr\u00fcn sayfas\u0131nda belirtilen kullan\u0131m ayr\u0131nt\u0131lar\u0131na tabi olarak, \u0130\u00e7eri\u011fi ki\u015fisel, ticari olmayan ama\u00e7larla indirmeniz ve kullanman\u0131z i\u00e7in size m\u00fcnhas\u0131r olmayan, devredilemez bir lisans veriyoruz. Bir \u00fcr\u00fcn sayfas\u0131nda ticari kullan\u0131m a\u00e7\u0131k\u00e7a sunuluyorsa, izin verilen ticari kullan\u0131m kapsam\u0131 orada belirtilecektir.<\/p>\n\n\n\n<h2 class=\"wp-block-heading\">11. K\u0131s\u0131tlamalar<\/h2>\n\n\n\n<p>\u015eunlar\u0131 yapmamal\u0131s\u0131n\u0131z: (a) \u0130\u00e7eri\u011fi ba\u011f\u0131ms\u0131z dosyalar olarak yeniden satmak, alt lisanslamak veya yeniden da\u011f\u0131tmak; (b) Temel modellerin veya e\u011fitim verilerinin sahipli\u011fini iddia etmek; (c) \u0130\u00e7eri\u011fi herhangi bir yasa d\u0131\u015f\u0131, iftira niteli\u011finde, aldat\u0131c\u0131 veya ihlal edici \u015fekilde kullanmak; (d) Filigranlar\u0131 veya telif hakk\u0131 bildirimlerini kald\u0131rmak; (e) Bir insan\u0131n makul olarak yapabilece\u011finin \u00f6tesinde toplu indirme yapmak i\u00e7in otomatik ara\u00e7lar kullanmak; (f) Web sitesini veya g\u00fcvenlik \u00f6zelliklerini tersine m\u00fchendislik yoluyla incelemek veya bunlara m\u00fcdahale etmek.<\/p>\n\n\n\n<h2 class=\"wp-block-heading\">12. Fikri m\u00fclkiyet ve i\u00e7erik kald\u0131rma<\/h2>\n\n\n\n<p>Web sitesi ve \u0130\u00e7erik \u00fczerindeki a\u00e7\u0131k\u00e7a verilmeyen t\u00fcm haklar, bize ve lisans verenlerimize aittir. Herhangi bir \u0130\u00e7eri\u011fin haklar\u0131n\u0131z\u0131 ihlal etti\u011fini d\u00fc\u015f\u00fcn\u00fcyorsan\u0131z, l\u00fctfen bizimle ileti\u015fime ge\u00e7in. <a href=\"mailto:info@profile-art.com\">info@profile-art.com<\/a> \u0130nceleyebilmemiz ve yan\u0131t verebilmemiz i\u00e7in l\u00fctfen detaylar\u0131 belirtin.<\/p>\n\n\n\n<h2 class=\"wp-block-heading\">13. \u00dc\u00e7\u00fcnc\u00fc taraf hizmetleri<\/h2>\n\n\n\n<p>\u00dc\u00e7\u00fcnc\u00fc taraf hizmetlerine (\u00f6rne\u011fin, bar\u0131nd\u0131rma, \u00f6deme i\u015flemleri, analiz) g\u00fcvenebiliriz. Makul kontrol\u00fcm\u00fcz d\u0131\u015f\u0131nda kalan \u00fc\u00e7\u00fcnc\u00fc taraf ar\u0131zalar\u0131ndan sorumlu de\u011filiz.<\/p>\n\n\n\n<h2 class=\"wp-block-heading\">14. Kabul edilebilir kullan\u0131m, yanl\u0131\u015f kullan\u0131m ve ask\u0131ya alma<\/h2>\n\n\n\n<p>Web sitesini ba\u015fkalar\u0131n\u0131n kullan\u0131m\u0131na zarar verecek veya m\u00fcdahale edecek \u015fekilde ya da sistemlerimizin g\u00fcvenlik a\u00e7\u0131klar\u0131n\u0131 ara\u015ft\u0131rmak, taramak veya test etmek amac\u0131yla kullanamazs\u0131n\u0131z. K\u00f6t\u00fcye kullan\u0131mdan makul bir \u015fekilde \u015f\u00fcphelendi\u011fimiz durumlarda veya ilgili yasalara uymak i\u00e7in eri\u015fimi ask\u0131ya alabilir veya k\u0131s\u0131tlayabiliriz.<\/p>\n\n\n\n<h2 class=\"wp-block-heading\">15. Geri \u00d6demeler<\/h2>\n\n\n\n<p>Teslimat sonras\u0131nda me\u015fru bir gerek\u00e7e olmaks\u0131z\u0131n geri \u00f6deme talebi ba\u015flat\u0131ld\u0131\u011f\u0131nda, yerine getirme kan\u0131t\u0131 (\u00f6rne\u011fin, zaman damgal\u0131 indirme kay\u0131tlar\u0131) sunarak itiraz edebiliriz. Bu maddede yer alan hi\u00e7bir \u015fey, sahip olabilece\u011finiz yasal haklar\u0131n\u0131z\u0131 s\u0131n\u0131rlamaz.<\/p>\n\n\n\n<h2 class=\"wp-block-heading\">16. Garanti ve Yapay Zeka \u0130\u00e7erik Sorumluluk Reddi Beyan\u0131<\/h2>\n\n\n\n<p>Web sitesi ve i\u00e7erik &quot;oldu\u011fu gibi&quot; ve &quot;mevcut oldu\u011fu \u015fekilde&quot; sa\u011flanmaktad\u0131r. Yapay zeka taraf\u0131ndan olu\u015fturulan \u00e7\u0131kt\u0131lar, kusurlar veya farkl\u0131l\u0131klar i\u00e7erebilir. Yasalar\u0131n izin verdi\u011fi en geni\u015f \u00f6l\u00e7\u00fcde, sat\u0131labilirlik, belirli bir amaca uygunluk ve ihlal etmeme konular\u0131ndaki t\u00fcm z\u0131mni garantileri reddediyoruz.<\/p>\n\n\n\n<h2 class=\"wp-block-heading\">17. Sorumlulu\u011fun S\u0131n\u0131rland\u0131r\u0131lmas\u0131<\/h2>\n\n\n\n<p>Bu \u015eartlardaki hi\u00e7bir \u015fey, ihmal, doland\u0131r\u0131c\u0131l\u0131k veya kanunen s\u0131n\u0131rland\u0131r\u0131lamayan herhangi bir sorumluluktan kaynaklanan \u00f6l\u00fcm veya ki\u015fisel yaralanma sorumlulu\u011funu s\u0131n\u0131rlamaz. Yukar\u0131dakilere tabi olarak, \u015funlardan sorumlu olmayaca\u011f\u0131z: (a) kar veya gelir kayb\u0131; (b) veri kayb\u0131; (c) i\u015f kesintisi; veya (d) dolayl\u0131 veya sonu\u00e7sal kay\u0131p. Sat\u0131n al\u0131m\u0131n\u0131zdan kaynaklanan veya bununla ba\u011flant\u0131l\u0131 herhangi bir talep i\u00e7in toplam sorumlulu\u011fumuz, ilgili sipari\u015f i\u00e7in fiilen \u00f6dedi\u011finiz tutar\u0131 a\u015fmayacakt\u0131r.<\/p>\n\n\n\n<h2 class=\"wp-block-heading\">18. Kontrol\u00fcm\u00fcz D\u0131\u015f\u0131ndaki Olaylar<\/h2>\n\n\n\n<p>Kesintiler, platform ar\u0131zalar\u0131 veya a\u011f aksamalar\u0131 da dahil olmak \u00fczere, makul kontrol\u00fcm\u00fcz d\u0131\u015f\u0131nda kalan olaylardan kaynaklanan gecikme veya aksakl\u0131klardan sorumlu de\u011filiz.<\/p>\n\n\n\n<h2 class=\"wp-block-heading\">19. Hizmette veya bu \u015eartlarda De\u011fi\u015fiklikler<\/h2>\n\n\n\n<p>Web sitesini ve bu \u015eartlar\u0131 zaman zaman g\u00fcncelleyebiliriz. De\u011fi\u015fiklikler gelecekteki sipari\u015fler ve kullan\u0131m i\u00e7in ge\u00e7erli olacakt\u0131r. \u00d6nemli de\u011fi\u015fiklikler, yeni bir ge\u00e7erlilik tarihiyle birlikte web sitesinde yay\u0131nlanacakt\u0131r.<\/p>\n\n\n\n<h2 class=\"wp-block-heading\">20. Uygulanacak hukuk ve yarg\u0131 yetkisi<\/h2>\n\n\n\n<p>Bu \u015eartlar ve bunlardan kaynaklanan veya bunlarla ba\u011flant\u0131l\u0131 olarak ortaya \u00e7\u0131kan s\u00f6zle\u015fme d\u0131\u015f\u0131 y\u00fck\u00fcml\u00fcl\u00fckler, \u0130ngiltere ve Galler yasalar\u0131na tabidir. \u0130ngiltere ve Galler mahkemeleri m\u00fcnhas\u0131r yarg\u0131 yetkisine sahip olacakt\u0131r; ancak AB\/Birle\u015fik Krall\u0131k&#039;ta ikamet eden t\u00fcketiciler, zorunlu yerel t\u00fcketici koruma h\u00fck\u00fcmlerinden yararlanabilirler.<\/p>\n\n\n\n<h2 class=\"wp-block-heading\">21. \u015eikayetler ve ileti\u015fim<\/h2>\n\n\n\n<p>Bir sorunuz veya \u015fikayetiniz varsa l\u00fctfen info@profile-art.com adresine e-posta g\u00f6nderin. Makul bir s\u00fcre i\u00e7inde yan\u0131t vermeyi hedefliyoruz. Ayr\u0131ca, mevcutsa, anla\u015fmazl\u0131klar\u0131 alternatif bir anla\u015fmazl\u0131k \u00e7\u00f6z\u00fcm kurulu\u015funa y\u00f6nlendirme hakk\u0131n\u0131z da olabilir.<\/p>\n\n\n\n<h2 class=\"wp-block-heading\">22. \u0130\u00e7erik Denetimi ve Kald\u0131rma Politikas\u0131<\/h2>\n\n\n\n<p>https:\/\/profile-art.com adresindeki t\u00fcm i\u00e7erik ve \u00fcr\u00fcnler site y\u00f6netimi taraf\u0131ndan y\u00f6netilir ve bak\u0131m\u0131 yap\u0131l\u0131r. Site y\u00f6netimi, ge\u00e7erli yasalara, fikri m\u00fclkiyet haklar\u0131na, \u00f6deme sa\u011flay\u0131c\u0131s\u0131 gereksinimlerine veya i\u00e7 kalite standartlar\u0131na ayk\u0131r\u0131 olan herhangi bir i\u00e7eri\u011fi kald\u0131rma veya eri\u015fimi k\u0131s\u0131tlama hakk\u0131n\u0131 sakl\u0131 tutar. Belirli bir i\u00e7eri\u011fin uygunsuz oldu\u011funu veya haklar\u0131 ihlal etti\u011fini d\u00fc\u015f\u00fcn\u00fcyorsan\u0131z, l\u00fctfen info@profile-art.com adresinden bizimle ileti\u015fime ge\u00e7in; talebinizi derhal inceleyece\u011fiz.<\/p>\n\n\n\n<h2 class=\"wp-block-heading\">23. Di\u011fer \u00f6nemli terimler<\/h2>\n\n\n\n<p>Devir: Haklar\u0131n\u0131z\u0131 veya y\u00fck\u00fcml\u00fcl\u00fcklerinizi iznimiz olmadan devredemezsiniz. Biz, bir i\u015ftirakimize veya bir birle\u015fme veya sat\u0131\u015fla ba\u011flant\u0131l\u0131 olarak devredebiliriz. B\u00f6l\u00fcnebilirlik: Bu \u015eartlar\u0131n herhangi bir k\u0131sm\u0131 ge\u00e7ersiz olursa, geri kalan\u0131 y\u00fcr\u00fcrl\u00fckte kal\u0131r. Feragat Yok: Uygulamama, feragat anlam\u0131na gelmez. Tam Anla\u015fma: Bu \u015eartlar, zorunlu t\u00fcketici haklar\u0131na ek olarak, sat\u0131n alma i\u015fleminizle ilgili t\u00fcm anla\u015fmay\u0131 olu\u015fturur.<\/p>\n\n\n\n<h2 class=\"wp-block-heading\">24. \u00d6deme Y\u00f6ntemleri<\/h2>\n\n\n\n<p>A\u015fa\u011f\u0131daki \u00f6deme y\u00f6ntemlerini kabul ediyoruz:<\/p>\n\n\n\n<ul class=\"wp-block-list\">\n<li>Visa<\/li>\n\n\n\n<li>MasterCard<\/li>\n\n\n\n<li>UnionPay<\/li>\n<\/ul>\n\n\n\n<p>T\u00fcm \u00f6demeler sat\u0131n alma an\u0131nda eksiksiz olarak yap\u0131lmal\u0131d\u0131r.<\/p>\n\n\n\n<p><em><br>\u00a9 NEWBRIDGE CAPITAL BATH LTD \u2014 Profile-Art.com<\/em><\/p>\n\n\n\n<style>\nh1, h2, h3, a, p, span, li {color: white;}\n<\/style>","protected":false},"excerpt":{"rendered":"<p>PROFILE-ART.COM \u2014 TERMS &amp; CONDITIONS (TERMS OF SALE &amp; USE) Effective date: 03 October 2025 1. Who we are Profile-Art.com is operated by NEWBRIDGE CAPITAL BATH LTD, a company incorporated in England and Wales. Registered office: Dept 6101, 43 Owston Road, Carcroft, Doncaster, United Kingdom, DN6 8DA. Contact: info@profile-art.com 2. What these Terms cover These [&hellip;]<\/p>\n","protected":false},"author":1,"featured_media":0,"parent":0,"menu_order":0,"comment_status":"closed","ping_status":"closed","template":"","meta":{"footnotes":""},"class_list":["post-16484","page","type-page","status-publish","hentry"],"_links":{"self":[{"href":"https:\/\/profile-art.com\/tr\/wp-json\/wp\/v2\/pages\/16484","targetHints":{"allow":["GET"]}}],"collection":[{"href":"https:\/\/profile-art.com\/tr\/wp-json\/wp\/v2\/pages"}],"about":[{"href":"https:\/\/profile-art.com\/tr\/wp-json\/wp\/v2\/types\/page"}],"author":[{"embeddable":true,"href":"https:\/\/profile-art.com\/tr\/wp-json\/wp\/v2\/users\/1"}],"replies":[{"embeddable":true,"href":"https:\/\/profile-art.com\/tr\/wp-json\/wp\/v2\/comments?post=16484"}],"version-history":[{"count":2,"href":"https:\/\/profile-art.com\/tr\/wp-json\/wp\/v2\/pages\/16484\/revisions"}],"predecessor-version":[{"id":20260,"href":"https:\/\/profile-art.com\/tr\/wp-json\/wp\/v2\/pages\/16484\/revisions\/20260"}],"wp:attachment":[{"href":"https:\/\/profile-art.com\/tr\/wp-json\/wp\/v2\/media?parent=16484"}],"curies":[{"name":"wp","href":"https:\/\/api.w.org\/{rel}","templated":true}]}}