{"id":2383,"date":"2025-05-05T02:15:26","date_gmt":"2025-05-05T02:15:26","guid":{"rendered":"https:\/\/brighthub.casethemes.net\/?page_id=2383"},"modified":"2026-03-23T16:30:05","modified_gmt":"2026-03-23T16:30:05","slug":"contact","status":"publish","type":"page","link":"https:\/\/profile-art.com\/tr\/contact\/","title":{"rendered":"Temas etmek"},"content":{"rendered":"<div data-elementor-type=\"wp-page\" data-elementor-id=\"2383\" class=\"elementor elementor-2383\" data-elementor-post-type=\"page\">\n\t\t\t\t<div class=\"elementor-element elementor-element-61ad442 e-flex e-con-boxed e-con e-parent\" data-id=\"61ad442\" data-element_type=\"container\">\t\t\t<div class=\"e-con-inner\">\r\n\t\t\t\t<div class=\"elementor-element elementor-element-ff31f8a elementor-widget elementor-widget-spacer\" data-id=\"ff31f8a\" data-element_type=\"widget\" data-widget_type=\"spacer.default\">\n\t\t\t\t\t\t\t<div class=\"elementor-spacer\">\n\t\t\t<div class=\"elementor-spacer-inner\"><\/div>\n\t\t<\/div>\n\t\t\t\t\t\t<\/div>\n\t\t\t\t<div class=\"elementor-element elementor-element-02abd86 elementor-widget elementor-widget-heading\" data-id=\"02abd86\" data-element_type=\"widget\" data-widget_type=\"heading.default\">\n\t\t\t\t\t<h2 class=\"elementor-heading-title elementor-size-default\">Bize Ula\u015f\u0131n<\/h2>\t\t\t\t<\/div>\n\t\t\t\t\t<\/div>\r\n\t\t\t\t<\/div>\r\n\t\t<div class=\"elementor-element elementor-element-1f57a62 e-flex e-con-boxed e-con e-parent\" data-id=\"1f57a62\" data-element_type=\"container\" data-settings=\"{&quot;background_background&quot;:&quot;classic&quot;}\">\t\t\t<div class=\"e-con-inner\">\r\n\t\t<div class=\"elementor-element elementor-element-ef579da e-con-full e-flex e-con e-child\" data-id=\"ef579da\" data-element_type=\"container\">\t\t<div class=\"elementor-element elementor-element-8b8edc8 elementor-invisible elementor-widget elementor-widget-pxl_heading\" data-id=\"8b8edc8\" data-element_type=\"widget\" data-settings=\"{&quot;_animation&quot;:&quot;fadeInRight&quot;}\" data-widget_type=\"pxl_heading.default\">\n\t\t\t\t<div class=\"elementor-widget-container\">\n\t\t\t\t\t\r\n<div id=\"pxl-pxl_heading-8b8edc8-4336\" class=\"pxl-heading\" data-animation-type=\"df\">\r\n\t<div class=\"pxl-heading__inner\">\r\n\t\t\t\r\n\t\t<div class=\"pxl-heading__title pxl-heading__style-default pxl-heading__highlight-default  df\" data-wow-delay=\"ms\" >\r\n\t\t<span class=\"pxl-heading__text\">\r\n\t\t\t\r\n\t\t\t\t\t\t\t<svg xmlns=\"http:\/\/www.w3.org\/2000\/svg\" width=\"10\" height=\"10\" viewbox=\"0 0 10 10\" fill=\"none\">\n<rect x=\"10\" width=\"10\" height=\"10\" transform=\"rotate(90 10 0)\" fill=\"url(#paint0_linear_4582_10024)\"\/>\n<defs>\n<lineargradient id=\"paint0_linear_4582_10024\" x1=\"10\" y1=\"-8.85714\" x2=\"20.3988\" y2=\"-8.69255\" gradientunits=\"userSpaceOnUse\">\n<stop stop-color=\"#957EFC\"\/>\n<stop offset=\"0.979947\" stop-color=\"#DEB1FF\"\/>\n<stop offset=\"1\" stop-color=\"#F7F7FB\"\/>\n<\/lineargradient>\n<\/defs>\n<\/svg> Bize Ula\u015f\u0131n\t\r\n\t\t\t\t\r\n\t\t\t\r\n\t\t<\/span>\r\n\t\t<\/div>\r\n\t<\/div>\r\n\t\r\n<\/div>\t\t\t\t<\/div>\n\t\t\t\t<\/div>\n\t\t<div class=\"elementor-element elementor-element-b634a5b e-con-full e-flex e-con e-child\" data-id=\"b634a5b\" data-element_type=\"container\"><div class=\"elementor-element elementor-element-65ff166 e-con-full e-flex e-con e-child\" data-id=\"65ff166\" data-element_type=\"container\"><div class=\"elementor-element elementor-element-b8c2159 e-con-full e-flex e-con e-child\" data-id=\"b8c2159\" data-element_type=\"container\">\t\t<div class=\"elementor-element elementor-element-b07093f elementor-invisible elementor-widget elementor-widget-pxl_heading\" data-id=\"b07093f\" data-element_type=\"widget\" data-settings=\"{&quot;_animation&quot;:&quot;fadeInUp&quot;,&quot;_animation_delay&quot;:300}\" data-widget_type=\"pxl_heading.default\">\n\t\t\t\t<div class=\"elementor-widget-container\">\n\t\t\t\t\t\r\n<div id=\"pxl-pxl_heading-b07093f-7253\" class=\"pxl-heading\" data-animation-type=\"df\">\r\n\t<div class=\"pxl-heading__inner\">\r\n\t\t\t\r\n\t\t<h2 class=\"pxl-heading__title pxl-heading__style-default pxl-heading__highlight-gradient-nd  df\" data-wow-delay=\"ms\" >\r\n\t\t<span class=\"pxl-heading__text\">\r\n\t\t\t\r\n\t\t\t\t\t\t\tBurada ba\u011flant\u0131 kurmak, i\u015f birli\u011fi yapmak ve yaratmak i\u00e7in bulunuyoruz.\t\r\n\t\t\t\t\r\n\t\t\t\r\n\t\t<\/span>\r\n\t\t<\/h2>\r\n\t<\/div>\r\n\t\r\n<\/div>\t\t\t\t<\/div>\n\t\t\t\t<\/div>\n\t\t\t\t<div class=\"elementor-element elementor-element-0cb1981 elementor-invisible elementor-widget elementor-widget-pxl_text_editor\" data-id=\"0cb1981\" data-element_type=\"widget\" data-settings=\"{&quot;_animation&quot;:&quot;fadeInUp&quot;,&quot;_animation_delay&quot;:600}\" data-widget_type=\"pxl_text_editor.default\">\n\t\t\t\t<div class=\"elementor-widget-container\">\n\t\t\t\t\t<div class=\"pxl-text-editor\">\n\t<div class=\"pxl-text-editor__inner\" data-wow-delay=\"ms\" >\n\t\t<p>Sorular\u0131n\u0131z, fikirleriniz veya ortakl\u0131k f\u0131rsatlar\u0131n\u0131z m\u0131 var? Bize ula\u015f\u0131n; ekibimiz size yard\u0131mc\u0131 olmaya haz\u0131r.<\/p>\t\t\n\t<\/div>\n<\/div>\t\t\t\t<\/div>\n\t\t\t\t<\/div>\n\t\t\t\t<div class=\"elementor-element elementor-element-fceb5a5 elementor-invisible elementor-widget elementor-widget-pxl_text_editor\" data-id=\"fceb5a5\" data-element_type=\"widget\" data-settings=\"{&quot;_animation&quot;:&quot;fadeInUp&quot;,&quot;_animation_delay&quot;:600}\" data-widget_type=\"pxl_text_editor.default\">\n\t\t\t\t<div class=\"elementor-widget-container\">\n\t\t\t\t\t<div class=\"pxl-text-editor\">\n\t<div class=\"pxl-text-editor__inner\" data-wow-delay=\"ms\" >\n\t\t<p>Ad\u0131: NEWBRIDGE CAPITAL BATH LTD<\/p><p>\u015eirket numaras\u0131: 15793827<\/p><p>Ofis Adresi: Dept 6101 43 Owston Road, Carcroft, <br \/>Doncaster, Birle\u015fik Krall\u0131k, DN6 8DA<\/p><p>E-posta Adresi: <a href=\"mailto:info@profile-art.com\">info@profile-art.com<\/a><\/p><p>Telefon: <a href=\"tel:+447455754364\">+<span data-sheets-root=\"1\">44 7455 754364<\/span><\/a><\/p><p>M\u00fc\u015fteri Deste\u011fi: Pazartesi-Cuma,<\/p><p>09:00\u201317:00 (Birle\u015fik Krall\u0131k saati)<\/p>\t\t\n\t<\/div>\n<\/div>\t\t\t\t<\/div>\n\t\t\t\t<\/div>\n\t\t\t\t<\/div>\r\n\t\t\t\t<\/div>\r\n\t\t<div class=\"elementor-element elementor-element-33863fc e-con-full animated-slow e-flex elementor-invisible e-con e-child\" data-id=\"33863fc\" data-element_type=\"container\" data-settings=\"{&quot;animation&quot;:&quot;zoomIn&quot;,&quot;background_background&quot;:&quot;classic&quot;}\"><span class=\"pxl-dot pxl-dot__top pxl-dot__cut-corner\"><\/span><span class=\"pxl-dot pxl-dot__left pxl-dot__cut-corner\"><\/span><span class=\"pxl-dot pxl-dot__right pxl-dot__cut-corner\"><\/span><span class=\"pxl-dot pxl-dot__bottom pxl-dot__cut-corner\"><\/span>\t\t<div class=\"elementor-element elementor-element-0c34038 elementor-widget elementor-widget-pxl_heading\" data-id=\"0c34038\" data-element_type=\"widget\" data-widget_type=\"pxl_heading.default\">\n\t\t\t\t<div class=\"elementor-widget-container\">\n\t\t\t\t\t\r\n<div id=\"pxl-pxl_heading-0c34038-3879\" class=\"pxl-heading\" data-animation-type=\"df\">\r\n\t<div class=\"pxl-heading__inner\">\r\n\t\t\t\r\n\t\t<h5 class=\"pxl-heading__title pxl-heading__style-default pxl-heading__highlight-gradient-nd  df\" data-wow-delay=\"ms\" >\r\n\t\t<span class=\"pxl-heading__text\">\r\n\t\t\t\r\n\t\t\t\t\t\t\tBize Ula\u015f\u0131n\t\r\n\t\t\t\t\r\n\t\t\t\r\n\t\t<\/span>\r\n\t\t<\/h5>\r\n\t<\/div>\r\n\t\r\n<\/div>\t\t\t\t<\/div>\n\t\t\t\t<\/div>\n\t\t\t\t<div class=\"elementor-element elementor-element-d3141fe elementor-widget elementor-widget-pxl_contact_form\" data-id=\"d3141fe\" data-element_type=\"widget\" data-widget_type=\"pxl_contact_form.default\">\n\t\t\t\t<div class=\"elementor-widget-container\">\n\t\t\t\t\t    <div class=\"pxl-cf7 pxl-cf7__style-2 pxl-cf7__button-gradient pxl-cf7__btn-full\" data-wow-delay=\"ms\" >\r\n        \n<div class=\"wpcf7 no-js\" id=\"wpcf7-f12142-o1\" lang=\"en-US\" dir=\"ltr\" data-wpcf7-id=\"12142\">\n<div class=\"screen-reader-response\"><p role=\"status\" aria-live=\"polite\" aria-atomic=\"true\"><\/p> <ul><\/ul><\/div>\n<form action=\"\/tr\/wp-json\/wp\/v2\/pages\/2383#wpcf7-f12142-o1\" method=\"post\" class=\"wpcf7-form init\" aria-label=\"Contact form\" novalidate=\"novalidate\" data-status=\"init\" data-trp-original-action=\"\/tr\/wp-json\/wp\/v2\/pages\/2383#wpcf7-f12142-o1\">\n<fieldset class=\"hidden-fields-container\"><input type=\"hidden\" name=\"_wpcf7\" value=\"12142\" \/><input type=\"hidden\" name=\"_wpcf7_version\" value=\"6.1.2\" \/><input type=\"hidden\" name=\"_wpcf7_locale\" value=\"en_US\" \/><input type=\"hidden\" name=\"_wpcf7_unit_tag\" value=\"wpcf7-f12142-o1\" \/><input type=\"hidden\" name=\"_wpcf7_container_post\" value=\"0\" \/><input type=\"hidden\" name=\"_wpcf7_posted_data_hash\" value=\"\" \/>\n<\/fieldset>\n<div class=\"row\">\n    <div class=\"col-md-6 col-xs-12\">\n        <span class=\"wpcf7-form-control-wrap\" data-name=\"your-name\"><input size=\"40\" maxlength=\"400\" class=\"wpcf7-form-control wpcf7-text wpcf7-validates-as-required\" autocomplete=\"name\" aria-required=\"true\" aria-invalid=\"false\" placeholder=\"\u0130sim\" value=\"\" type=\"text\" name=\"your-name\" \/><\/span>\n    <\/div>\n    <div class=\"col-md-6 col-xs-12\">\n        <span class=\"wpcf7-form-control-wrap\" data-name=\"your-email\"><input size=\"40\" maxlength=\"400\" class=\"wpcf7-form-control wpcf7-email wpcf7-validates-as-required wpcf7-text wpcf7-validates-as-email\" autocomplete=\"email\" aria-required=\"true\" aria-invalid=\"false\" placeholder=\"E-posta\" value=\"\" type=\"email\" name=\"your-email\" \/><\/span>\n    <\/div>\n    <div class=\"col-md-6 col-xs-12\">\n        <span class=\"wpcf7-form-control-wrap\" data-name=\"your-phone\"><input size=\"40\" maxlength=\"400\" class=\"wpcf7-form-control wpcf7-tel wpcf7-validates-as-required wpcf7-text wpcf7-validates-as-tel\" autocomplete=\"phone\" aria-required=\"true\" aria-invalid=\"false\" placeholder=\"Telefon\" value=\"\" type=\"tel\" name=\"your-phone\" \/><\/span>\n    <\/div>\n    <div class=\"col-md-6 col-xs-12\">\n        <span class=\"wpcf7-form-control-wrap\" data-name=\"your-subject\"><input size=\"40\" maxlength=\"400\" class=\"wpcf7-form-control wpcf7-text wpcf7-validates-as-required\" aria-required=\"true\" aria-invalid=\"false\" placeholder=\"Ders\" value=\"\" type=\"text\" name=\"your-subject\" \/><\/span>\n    <\/div>\n    <div class=\"col-12\">\n        <span class=\"wpcf7-form-control-wrap\" data-name=\"your-message\"><textarea cols=\"40\" rows=\"10\" maxlength=\"2000\" class=\"wpcf7-form-control wpcf7-textarea\" aria-invalid=\"false\" placeholder=\"\u0130lgi alanlar\u0131n\u0131z hakk\u0131nda bize bilgi verin.\" name=\"your-message\"><\/textarea><\/span>\n    <\/div>\n    <div class=\"col-12\">\n<button type=\"submit\" class=\"wpcf7-submit btn btn-glossy btn-block btn-glossy\">Birlikte \u0130n\u015fa Edelim<\/button>\n    <\/div>\n<\/div><div class=\"wpcf7-response-output\" aria-hidden=\"true\"><\/div>\n<input type=\"hidden\" name=\"trp-form-language\" value=\"tr\"\/><\/form>\n<\/div>\n    <\/div>\r\n\t\t\t\t<\/div>\n\t\t\t\t<\/div>\n\t\t\t\t<\/div>\r\n\t\t\t\t<\/div>\r\n\t\t\t\t<\/div>\r\n\t\t\t\t\t<\/div>\r\n\t\t\t\t<\/div>\r\n\t\t<div class=\"elementor-element elementor-element-070980d e-flex e-con-boxed e-con e-parent\" data-id=\"070980d\" data-element_type=\"container\">\t\t\t<div class=\"e-con-inner\">\r\n\t\t\t\t<div class=\"elementor-element elementor-element-7a02683 elementor-widget elementor-widget-html\" data-id=\"7a02683\" data-element_type=\"widget\" data-widget_type=\"html.default\">\n\t\t\t\t\t<iframe src=\"https:\/\/www.google.com\/maps\/embed?pb=!1m18!1m12!1m3!1d3349.7748285633566!2d-1.1797321880947305!3d53.58188965363542!2m3!1f0!2f0!3f0!3m2!1i1024!2i768!4f13.1!3m3!1m2!1s0x487912f5ab4dfe4b%3A0x3394f39a4481be10!2s43%20Owston%20Rd%2C%20Carcroft%2C%20Doncaster%20DN6%208DA%2C%20UK!5e0!3m2!1sen!2sua!4v1772643472021!5m2!1sen!2sua\" width=\"600\" height=\"450\" style=\"border:0;\" allowfullscreen=\"\" loading=\"lazy\" referrerpolicy=\"no-referrer-when-downgrade\"><\/iframe>\t\t\t\t<\/div>\n\t\t\t\t\t<\/div>\r\n\t\t\t\t<\/div>\r\n\t\t\t\t<\/div>","protected":false},"excerpt":{"rendered":"<p>Contact Us Contact Us We\u2019re here to connect, collaborate, and create. Questions, ideas, or partnership opportunities? Reach out\u2014our team\u2019s ready to help. Name: NEWBRIDGE CAPITAL BATH LTD Company number: 15793827 Office Location: Dept 6101 43 Owston Road, Carcroft, Doncaster, United Kingdom, DN6 8DA Email Address: info@profile-art.com Phone: +44 7455 754364 Customer Support: Mon-Fri, 09:00\u201317:00 (UK [&hellip;]<\/p>\n","protected":false},"author":1,"featured_media":0,"parent":0,"menu_order":0,"comment_status":"closed","ping_status":"closed","template":"","meta":{"footnotes":""},"class_list":["post-2383","page","type-page","status-publish","hentry"],"_links":{"self":[{"href":"https:\/\/profile-art.com\/tr\/wp-json\/wp\/v2\/pages\/2383","targetHints":{"allow":["GET"]}}],"collection":[{"href":"https:\/\/profile-art.com\/tr\/wp-json\/wp\/v2\/pages"}],"about":[{"href":"https:\/\/profile-art.com\/tr\/wp-json\/wp\/v2\/types\/page"}],"author":[{"embeddable":true,"href":"https:\/\/profile-art.com\/tr\/wp-json\/wp\/v2\/users\/1"}],"replies":[{"embeddable":true,"href":"https:\/\/profile-art.com\/tr\/wp-json\/wp\/v2\/comments?post=2383"}],"version-history":[{"count":18,"href":"https:\/\/profile-art.com\/tr\/wp-json\/wp\/v2\/pages\/2383\/revisions"}],"predecessor-version":[{"id":20321,"href":"https:\/\/profile-art.com\/tr\/wp-json\/wp\/v2\/pages\/2383\/revisions\/20321"}],"wp:attachment":[{"href":"https:\/\/profile-art.com\/tr\/wp-json\/wp\/v2\/media?parent=2383"}],"curies":[{"name":"wp","href":"https:\/\/api.w.org\/{rel}","templated":true}]}}