{"id":2573,"date":"2025-05-06T08:53:14","date_gmt":"2025-05-06T08:53:14","guid":{"rendered":"https:\/\/brighthub.casethemes.net\/?page_id=2573"},"modified":"2026-03-02T14:20:04","modified_gmt":"2026-03-02T14:20:04","slug":"faqs","status":"publish","type":"page","link":"https:\/\/profile-art.com\/tr\/faqs\/","title":{"rendered":"S\u0131k\u00e7a Sorulan Sorular"},"content":{"rendered":"<div data-elementor-type=\"wp-page\" data-elementor-id=\"2573\" class=\"elementor elementor-2573\" data-elementor-post-type=\"page\">\n\t\t\t\t<div class=\"elementor-element elementor-element-39d1d7f e-flex e-con-boxed e-con e-parent\" data-id=\"39d1d7f\" data-element_type=\"container\">\t\t\t<div class=\"e-con-inner\">\r\n\t\t\t\t<div class=\"elementor-element elementor-element-75ed8ea elementor-widget elementor-widget-spacer\" data-id=\"75ed8ea\" data-element_type=\"widget\" data-widget_type=\"spacer.default\">\n\t\t\t\t\t\t\t<div class=\"elementor-spacer\">\n\t\t\t<div class=\"elementor-spacer-inner\"><\/div>\n\t\t<\/div>\n\t\t\t\t\t\t<\/div>\n\t\t\t\t<div class=\"elementor-element elementor-element-5c8bf5c elementor-widget elementor-widget-heading\" data-id=\"5c8bf5c\" data-element_type=\"widget\" data-widget_type=\"heading.default\">\n\t\t\t\t\t<h2 class=\"elementor-heading-title elementor-size-default\">S\u0131k\u00e7a Sorulan Sorular<\/h2>\t\t\t\t<\/div>\n\t\t\t\t\t<\/div>\r\n\t\t\t\t<\/div>\r\n\t\t<div class=\"elementor-element elementor-element-87f34ed e-flex e-con-boxed e-con e-parent\" data-id=\"87f34ed\" data-element_type=\"container\">\t\t\t<div class=\"e-con-inner\">\r\n\t\t\t\t<div class=\"elementor-element elementor-element-fabbe6e elementor-widget elementor-widget-pxl_accordion\" data-id=\"fabbe6e\" data-element_type=\"widget\" data-widget_type=\"pxl_accordion.default\">\n\t\t\t\t<div class=\"elementor-widget-container\">\n\t\t\t\t\t    <div class=\"pxl-accordion pxl-accordion--style-1\" data-wow-delay=\"ms\">\r\n                    <div class=\"pxl-accordion__item active\">\r\n                <h5 class=\"pxl-accordion__item-title\" data-target=\"#pxl_accordion-fabbe6e-3139-c5b5a4a\">\r\n                    <span class=\"pxl-accordion__item-number\">1.<\/span>\r\n                    <span class=\"pxl-accordion__item-text\">Bu platform nedir?<\/span>\r\n                    <span class=\"pxl-accordion__item-action\"><\/span>\r\n                <\/h5>\r\n                <div id=\"pxl_accordion-fabbe6e-3139-c5b5a4a\" class=\"pxl-accordion__item-content\" style=\"display: block;\">Bu, d\u00fcnyan\u0131n d\u00f6rt bir yan\u0131ndan yetenekli sanat\u00e7\u0131lar taraf\u0131ndan tasarlanm\u0131\u015f benzersiz, y\u00fcksek kaliteli avatarlar sunan \u00e7evrimi\u00e7i bir platformdur.<br \/>\n<br \/>\n<br \/>\n<\/div>\r\n            <\/div>\r\n                    <div class=\"pxl-accordion__item\">\r\n                <h5 class=\"pxl-accordion__item-title\" data-target=\"#pxl_accordion-fabbe6e-3139-6c2d34b\">\r\n                    <span class=\"pxl-accordion__item-number\">2.<\/span>\r\n                    <span class=\"pxl-accordion__item-text\">Sat\u0131n ald\u0131\u011f\u0131m avatarlar\u0131 nas\u0131l kullanabilirim?<\/span>\r\n                    <span class=\"pxl-accordion__item-action\"><\/span>\r\n                <\/h5>\r\n                <div id=\"pxl_accordion-fabbe6e-3139-6c2d34b\" class=\"pxl-accordion__item-content\" >Avatarlar\u0131 sosyal medya profillerinizde, yay\u0131n platformlar\u0131nda, oyunlarda, forumlarda ve di\u011fer ki\u015fisel veya topluluk projelerinizde kullanabilirsiniz.<\/div>\r\n            <\/div>\r\n                    <div class=\"pxl-accordion__item\">\r\n                <h5 class=\"pxl-accordion__item-title\" data-target=\"#pxl_accordion-fabbe6e-3139-d9acd1e\">\r\n                    <span class=\"pxl-accordion__item-number\">3.<\/span>\r\n                    <span class=\"pxl-accordion__item-text\">Avatar\u0131 sat\u0131n ald\u0131ktan sonra telif hakk\u0131 bana m\u0131 ait oluyor?<\/span>\r\n                    <span class=\"pxl-accordion__item-action\"><\/span>\r\n                <\/h5>\r\n                <div id=\"pxl_accordion-fabbe6e-3139-d9acd1e\" class=\"pxl-accordion__item-content\" >Avatar\u0131 ki\u015fisel veya ticari ama\u00e7larla kullanma lisans\u0131 al\u0131rs\u0131n\u0131z, ancak telif hakk\u0131 orijinal sanat\u00e7\u0131ya aittir.<\/div>\r\n            <\/div>\r\n                    <div class=\"pxl-accordion__item\">\r\n                <h5 class=\"pxl-accordion__item-title\" data-target=\"#pxl_accordion-fabbe6e-3139-c9efd6c\">\r\n                    <span class=\"pxl-accordion__item-number\">4.<\/span>\r\n                    <span class=\"pxl-accordion__item-text\">\u00d6deme yapt\u0131ktan sonra avatar\u0131m\u0131 nas\u0131l alabilirim?<\/span>\r\n                    <span class=\"pxl-accordion__item-action\"><\/span>\r\n                <\/h5>\r\n                <div id=\"pxl_accordion-fabbe6e-3139-c9efd6c\" class=\"pxl-accordion__item-content\" >Sat\u0131n alma i\u015flemini tamamlad\u0131ktan sonra, avatar\u0131n\u0131z\u0131n y\u00fcksek \u00e7\u00f6z\u00fcn\u00fcrl\u00fckl\u00fc do\u011frudan indirme ba\u011flant\u0131s\u0131n\u0131 alacaks\u0131n\u0131z.<\/div>\r\n            <\/div>\r\n                    <div class=\"pxl-accordion__item\">\r\n                <h5 class=\"pxl-accordion__item-title\" data-target=\"#pxl_accordion-fabbe6e-3139-29e7087\">\r\n                    <span class=\"pxl-accordion__item-number\">5.<\/span>\r\n                    <span class=\"pxl-accordion__item-text\">\u0130ndirdi\u011fim dosyalar nerede?<\/span>\r\n                    <span class=\"pxl-accordion__item-action\"><\/span>\r\n                <\/h5>\r\n                <div id=\"pxl_accordion-fabbe6e-3139-29e7087\" class=\"pxl-accordion__item-content\" >Sat\u0131n alma i\u015fleminden sonra dosyalar\u0131n\u0131z an\u0131nda Shot Crate hesab\u0131n\u0131zdaki &quot;\u0130ndirmeler&quot; b\u00f6l\u00fcm\u00fcnde kullan\u0131labilir hale gelir ve istedi\u011finiz zaman, istedi\u011finiz yerden eri\u015febilirsiniz.<\/div>\r\n            <\/div>\r\n            <\/div>\r\n\t\t\t\t<\/div>\n\t\t\t\t<\/div>\n\t\t\t\t\t<\/div>\r\n\t\t\t\t<\/div>\r\n\t\t\t\t<\/div>","protected":false},"excerpt":{"rendered":"<p>FAQs 1. What is this platform? It\u2019s an online platform that offers unique, high-quality avatars designed by talented artists from across the globe. 2. How can I use the avatars I purchase? You can use avatars for your social media profiles, streaming platforms, games, forums, and other personal or community projects. 3. Do I own [&hellip;]<\/p>\n","protected":false},"author":1,"featured_media":0,"parent":0,"menu_order":0,"comment_status":"closed","ping_status":"closed","template":"","meta":{"footnotes":""},"class_list":["post-2573","page","type-page","status-publish","hentry"],"_links":{"self":[{"href":"https:\/\/profile-art.com\/tr\/wp-json\/wp\/v2\/pages\/2573","targetHints":{"allow":["GET"]}}],"collection":[{"href":"https:\/\/profile-art.com\/tr\/wp-json\/wp\/v2\/pages"}],"about":[{"href":"https:\/\/profile-art.com\/tr\/wp-json\/wp\/v2\/types\/page"}],"author":[{"embeddable":true,"href":"https:\/\/profile-art.com\/tr\/wp-json\/wp\/v2\/users\/1"}],"replies":[{"embeddable":true,"href":"https:\/\/profile-art.com\/tr\/wp-json\/wp\/v2\/comments?post=2573"}],"version-history":[{"count":6,"href":"https:\/\/profile-art.com\/tr\/wp-json\/wp\/v2\/pages\/2573\/revisions"}],"predecessor-version":[{"id":16431,"href":"https:\/\/profile-art.com\/tr\/wp-json\/wp\/v2\/pages\/2573\/revisions\/16431"}],"wp:attachment":[{"href":"https:\/\/profile-art.com\/tr\/wp-json\/wp\/v2\/media?parent=2573"}],"curies":[{"name":"wp","href":"https:\/\/api.w.org\/{rel}","templated":true}]}}