{"id":3849,"date":"2025-05-26T09:11:10","date_gmt":"2025-05-26T09:11:10","guid":{"rendered":"https:\/\/brighthub.casethemes.net\/?page_id=3849"},"modified":"2026-03-11T13:30:57","modified_gmt":"2026-03-11T13:30:57","slug":"about-us","status":"publish","type":"page","link":"https:\/\/profile-art.com\/tr\/about-us\/","title":{"rendered":"Hakk\u0131m\u0131zda"},"content":{"rendered":"<div data-elementor-type=\"wp-page\" data-elementor-id=\"3849\" class=\"elementor elementor-3849\" data-elementor-post-type=\"page\">\n\t\t\t\t<div class=\"elementor-element elementor-element-b9660bc e-flex e-con-boxed e-con e-parent\" data-id=\"b9660bc\" data-element_type=\"container\">\t\t\t<div class=\"e-con-inner\">\r\n\t\t\t\t<div class=\"elementor-element elementor-element-3c1625b elementor-widget elementor-widget-spacer\" data-id=\"3c1625b\" data-element_type=\"widget\" data-widget_type=\"spacer.default\">\n\t\t\t\t\t\t\t<div class=\"elementor-spacer\">\n\t\t\t<div class=\"elementor-spacer-inner\"><\/div>\n\t\t<\/div>\n\t\t\t\t\t\t<\/div>\n\t\t\t\t<div class=\"elementor-element elementor-element-78df67b elementor-widget elementor-widget-heading\" data-id=\"78df67b\" data-element_type=\"widget\" data-widget_type=\"heading.default\">\n\t\t\t\t\t<h2 class=\"elementor-heading-title elementor-size-default\">Hakk\u0131m\u0131zda<\/h2>\t\t\t\t<\/div>\n\t\t\t\t<div class=\"elementor-element elementor-element-fc931ed elementor-widget elementor-widget-text-editor\" data-id=\"fc931ed\" data-element_type=\"widget\" data-widget_type=\"text-editor.default\">\n\t\t\t\t\t\t\t\t\t<p data-start=\"0\" data-end=\"472\">\u00c7e\u015fitli ve benzersiz avatar tasar\u0131mlar\u0131 sunan \u00e7evrimi\u00e7i bir ma\u011faza.<br data-start=\"130\" data-end=\"133\" \/>Cesur fantastik portrelerden \u015f\u0131k minimalist simgelere kadar, k\u00fct\u00fcphane d\u00fcnya \u00e7ap\u0131ndaki yetenekli yarat\u0131c\u0131lar taraf\u0131ndan haz\u0131rlanm\u0131\u015f \u00e7ok \u00e7e\u015fitli y\u00fcksek kaliteli profil resimleri sunmaktad\u0131r. \u0130ster sosyal medya profilinizi yeniliyor olun, ister oyun karakteri olu\u015fturuyor olun, bir toplulu\u011fu y\u00f6netiyor olun veya i\u00e7erik \u00fcretiyor olun, tarz\u0131n\u0131za m\u00fckemmel \u015fekilde uyan avatarlar bulacaks\u0131n\u0131z.<\/p><p data-start=\"474\" data-end=\"878\">Biz \u00f6zg\u00fcnl\u00fc\u011f\u00fc, \u015feffafl\u0131\u011f\u0131 ve sanat\u00e7\u0131lar\u0131 g\u00fc\u00e7lendirmeyi savunuyoruz.<br data-start=\"537\" data-end=\"540\" \/>Her avatar, kalite ve \u00f6zg\u00fcnl\u00fck a\u00e7\u0131s\u0131ndan \u00f6zenle se\u00e7ilir; a\u015f\u0131r\u0131 kullan\u0131lan \u015fablonlar veya jenerik \u00f6\u011feler kullan\u0131lmaz. Sadece ger\u00e7ek yarat\u0131c\u0131lardan gelen \u00f6zg\u00fcn \u00e7al\u0131\u015fmalar, net lisanslama ve adil fiyatland\u0131rma ile sunulur. Misyonumuz, sanat\u00e7\u0131lar\u0131 desteklemek ve bireylerin, yay\u0131nc\u0131lar\u0131n ve topluluklar\u0131n kendilerini ger\u00e7ekten etki yaratan g\u00f6rseller arac\u0131l\u0131\u011f\u0131yla ifade etmelerine yard\u0131mc\u0131 olmakt\u0131r.<\/p>\t\t\t\t\t\t\t\t<\/div>\n\t\t\t\t<div class=\"elementor-element elementor-element-b00da1b elementor-widget elementor-widget-text-editor\" data-id=\"b00da1b\" data-element_type=\"widget\" data-widget_type=\"text-editor.default\">\n\t\t\t\t\t\t\t\t\t<p>Ma\u011fazam\u0131z her g\u00fcn yeni avatarlar, geli\u015ftirilmi\u015f arama \u00f6zelli\u011fi ve s\u00fcrekli geni\u015fleyen stil yelpazesiyle geli\u015fiyor.<br data-start=\"119\" data-end=\"122\" data-is-only-node=\"\" \/>Katalo\u011fa eklenen en yeni \u00fcr\u00fcnleri takipte kal\u0131n.<\/p>\t\t\t\t\t\t\t\t<\/div>\n\t\t\t\t\t<\/div>\r\n\t\t\t\t<\/div>\r\n\t\t<div class=\"elementor-element elementor-element-b4c958f e-flex e-con-boxed e-con e-child\" data-id=\"b4c958f\" data-element_type=\"container\">\t\t\t<div class=\"e-con-inner\">\r\n\t\t<div class=\"elementor-element elementor-element-4fdf453 e-con-full e-flex e-con e-child\" data-id=\"4fdf453\" data-element_type=\"container\"><div class=\"elementor-element elementor-element-c2f5cee e-con-full e-flex e-con e-child\" data-id=\"c2f5cee\" data-element_type=\"container\">\t\t<div class=\"elementor-element elementor-element-e65bb56 elementor-invisible elementor-widget elementor-widget-pxl_icon_box\" data-id=\"e65bb56\" data-element_type=\"widget\" data-settings=\"{&quot;_animation&quot;:&quot;fadeInUp&quot;}\" data-widget_type=\"pxl_icon_box.default\">\n\t\t\t\t<div class=\"elementor-widget-container\">\n\t\t\t\t\t<div class=\"pxl-icon-box pxl-icon-box__layout-1  pxl-icon-box__df pxl-icon-box__left pxl-icon-box__icon-left\" data-wow-delay=\"ms\" >\r\n    \r\n            <div class=\"pxl-icon-box__icon pxl-icon-box__icon-liquid-glass\">\r\n            <svg xmlns=\"http:\/\/www.w3.org\/2000\/svg\" width=\"32\" height=\"32\" viewbox=\"0 0 32 32\" fill=\"none\"><g clip-path=\"url(#clip0_3707_3424)\"><path d=\"M32.0005 21.6567C32.0005 17.6858 29.7224 14.1418 26.3105 12.418C26.2046 20.0317 20.0317 26.2046 12.418 26.3105C14.1418 29.7224 17.6858 32.0005 21.6567 32.0005C23.5186 32.0005 25.3291 31.5046 26.9199 30.5625L31.9553 31.9553L30.5625 26.9199C31.5046 25.3291 32.0005 23.5186 32.0005 21.6567Z\" fill=\"white\"><\/path><path d=\"M24.4375 12.2188C24.4375 5.4812 18.9563 0 12.2188 0C5.4812 0 0 5.4812 0 12.2188C0 14.4146 0.584473 16.5525 1.69434 18.4294L0.0449219 24.3923L6.00806 22.7432C7.88501 23.853 10.023 24.4375 12.2188 24.4375C18.9563 24.4375 24.4375 18.9563 24.4375 12.2188ZM10.3438 9.375H8.46875C8.46875 7.30713 10.1509 5.625 12.2188 5.625C14.2866 5.625 15.9688 7.30713 15.9688 9.375C15.9688 10.4246 15.5244 11.4334 14.7493 12.1423L13.1563 13.6003V15.0625H11.2813V12.7747L13.4834 10.759C13.877 10.3989 14.0938 9.90747 14.0938 9.375C14.0938 8.34107 13.2527 7.5 12.2188 7.5C11.1848 7.5 10.3438 8.34107 10.3438 9.375ZM11.2813 16.9375H13.1563V18.8125H11.2813V16.9375Z\" fill=\"white\"><\/path><\/g><defs><clippath id=\"clip0_3707_3424\"><rect width=\"32\" height=\"32\" fill=\"white\"><\/rect><\/clippath><\/defs><\/svg>        <\/div>\r\n            <div class=\"pxl-icon-box__content\">\r\n        <h5 class=\"pxl-icon-box__title el-empty\">G\u00fcvenilir Destek<\/h5>\r\n        <p class=\"pxl-icon-box__desc el-empty\">Rehberli\u011fe, yan\u0131tlara veya yard\u0131ma ihtiyac\u0131n\u0131z oldu\u011funda her zaman buraday\u0131z.\n<\/p>\r\n    <\/div>\r\n<\/div>\t\t\t\t<\/div>\n\t\t\t\t<\/div>\n\t\t\t\t<\/div>\r\n\t\t<div class=\"elementor-element elementor-element-52337a5 e-con-full e-flex e-con e-child\" data-id=\"52337a5\" data-element_type=\"container\">\t\t<div class=\"elementor-element elementor-element-69005ff elementor-invisible elementor-widget elementor-widget-pxl_icon_box\" data-id=\"69005ff\" data-element_type=\"widget\" data-settings=\"{&quot;_animation&quot;:&quot;fadeInUp&quot;,&quot;_animation_delay&quot;:300}\" data-widget_type=\"pxl_icon_box.default\">\n\t\t\t\t<div class=\"elementor-widget-container\">\n\t\t\t\t\t<div class=\"pxl-icon-box pxl-icon-box__layout-1  pxl-icon-box__df pxl-icon-box__left pxl-icon-box__icon-left\" data-wow-delay=\"ms\" >\r\n    \r\n            <div class=\"pxl-icon-box__icon pxl-icon-box__icon-liquid-glass\">\r\n            <svg xmlns=\"http:\/\/www.w3.org\/2000\/svg\" width=\"28\" height=\"28\" viewbox=\"0 0 28 28\" fill=\"none\"><g clip-path=\"url(#clip0_3707_3446)\"><path d=\"M7.4473 7.86914L5.13701 8.04763C4.49415 8.09732 3.9216 8.43424 3.56608 8.972L0.901678 13.0018C0.632045 13.4096 0.58918 13.9199 0.786939 14.367C0.98475 14.8141 1.39126 15.1256 1.87433 15.2005L3.98967 15.5281C4.48451 12.9021 5.66909 10.2825 7.4473 7.86914Z\" fill=\"white\"><\/path><path d=\"M12.4688 24.0084L12.7964 26.1238C12.8712 26.6068 13.1828 27.0133 13.6298 27.2111C13.8158 27.2934 14.0127 27.334 14.2086 27.334C14.4837 27.334 14.757 27.2539 14.9951 27.0964L19.025 24.432C19.5628 24.0764 19.8997 23.5038 19.9493 22.8611L20.1278 20.5508C17.7143 22.329 15.0948 23.5136 12.4688 24.0084Z\" fill=\"white\"><\/path><path d=\"M11.6759 22.5417C11.7493 22.5417 11.8232 22.5357 11.8969 22.5234C12.9971 22.3394 14.0575 22.0295 15.069 21.6239L6.37484 12.9297C5.96922 13.9412 5.65932 15.0016 5.47537 16.1019C5.40287 16.5355 5.54833 16.9774 5.85922 17.2883L10.7104 22.1395C10.9686 22.3976 11.3169 22.5417 11.6759 22.5417Z\" fill=\"white\"><\/path><path d=\"M25.2051 12.4909C27.3326 8.37775 27.4114 4.03112 27.3002 1.99259C27.2621 1.29411 26.7053 0.737239 26.0067 0.699166C25.6748 0.681042 25.2814 0.667969 24.838 0.667969C22.5586 0.667969 18.9518 1.01323 15.5084 2.79431C12.7718 4.20976 9.18347 7.32646 7.06641 11.4224C7.09141 11.4419 7.11583 11.4626 7.13885 11.4856L16.5138 20.8606C16.5368 20.8836 16.5575 20.908 16.577 20.933C20.6729 18.8158 23.7896 15.2275 25.2051 12.4909ZM16.1697 6.30542C17.6927 4.78247 20.1708 4.78231 21.6939 6.30542C22.4317 7.04318 22.838 8.02416 22.838 9.06754C22.838 10.1109 22.4317 11.0919 21.6939 11.8297C20.9325 12.5911 19.932 12.9718 18.9318 12.9719C17.9314 12.972 16.9313 12.5913 16.1697 11.8297C15.4319 11.0919 15.0256 10.1109 15.0256 9.06754C15.0256 8.02416 15.4319 7.04318 16.1697 6.30542Z\" fill=\"white\"><\/path><path d=\"M17.2724 10.7245C18.1862 11.6383 19.6732 11.6384 20.587 10.7245C21.0296 10.2818 21.2734 9.69326 21.2734 9.06721C21.2734 8.44117 21.0296 7.85263 20.587 7.40997C20.1301 6.95305 19.5299 6.72461 18.9297 6.72461C18.3295 6.72461 17.7293 6.95305 17.2724 7.40997C16.8298 7.85263 16.5859 8.44117 16.5859 9.06721C16.5859 9.69326 16.8297 10.2818 17.2724 10.7245Z\" fill=\"white\"><\/path><path d=\"M1.46096 22.6445C1.66091 22.6445 1.86086 22.5682 2.01336 22.4156L4.56404 19.8649C4.86914 19.5598 4.86914 19.0652 4.56404 18.7601C4.25898 18.455 3.7643 18.455 3.45919 18.7601L0.908516 21.3108C0.603411 21.6159 0.603411 22.1105 0.908516 22.4156C1.06107 22.5682 1.26102 22.6445 1.46096 22.6445Z\" fill=\"white\"><\/path><path d=\"M6.90164 21.096C6.59659 20.7909 6.1019 20.7909 5.7968 21.096L0.892891 25.9999C0.587786 26.305 0.587786 26.7997 0.892891 27.1048C1.04544 27.2573 1.24539 27.3336 1.44534 27.3336C1.64529 27.3336 1.84523 27.2573 1.99773 27.1047L6.90159 22.2009C7.20675 21.8958 7.20675 21.4011 6.90164 21.096Z\" fill=\"white\"><\/path><path d=\"M8.13492 23.4339L5.5843 25.9846C5.27919 26.2897 5.27919 26.7843 5.5843 27.0894C5.73685 27.242 5.9368 27.3183 6.13669 27.3183C6.33659 27.3183 6.53659 27.242 6.68909 27.0894L9.23977 24.5388C9.54487 24.2336 9.54487 23.739 9.23977 23.4339C8.93471 23.1288 8.44003 23.1288 8.13492 23.4339Z\" fill=\"white\"><\/path><\/g><defs><clippath id=\"clip0_3707_3446\"><rect width=\"26.6667\" height=\"26.6667\" fill=\"white\" transform=\"translate(0.664062 0.667969)\"><\/rect><\/clippath><\/defs><\/svg>        <\/div>\r\n            <div class=\"pxl-icon-box__content\">\r\n        <h5 class=\"pxl-icon-box__title el-empty\">An\u0131nda Sat\u0131n Alma<\/h5>\r\n        <p class=\"pxl-icon-box__desc el-empty\">Avatar\u0131n\u0131z\u0131 se\u00e7in ve sipari\u015finizi birka\u00e7 t\u0131klamayla tamamlay\u0131n.\n<\/p>\r\n    <\/div>\r\n<\/div>\t\t\t\t<\/div>\n\t\t\t\t<\/div>\n\t\t\t\t<\/div>\r\n\t\t<div class=\"elementor-element elementor-element-85e6789 e-con-full e-flex e-con e-child\" data-id=\"85e6789\" data-element_type=\"container\">\t\t<div class=\"elementor-element elementor-element-fa906e3 elementor-invisible elementor-widget elementor-widget-pxl_icon_box\" data-id=\"fa906e3\" data-element_type=\"widget\" data-settings=\"{&quot;_animation&quot;:&quot;fadeInUp&quot;,&quot;_animation_delay&quot;:600}\" data-widget_type=\"pxl_icon_box.default\">\n\t\t\t\t<div class=\"elementor-widget-container\">\n\t\t\t\t\t<div class=\"pxl-icon-box pxl-icon-box__layout-1  pxl-icon-box__df pxl-icon-box__left pxl-icon-box__icon-left\" data-wow-delay=\"ms\" >\r\n    \r\n            <div class=\"pxl-icon-box__icon pxl-icon-box__icon-liquid-glass\">\r\n            <svg xmlns=\"http:\/\/www.w3.org\/2000\/svg\" width=\"32\" height=\"32\" viewbox=\"0 0 32 32\" fill=\"none\"><path d=\"M29.9131 13.7507L23.6841 19.8227L25.1551 28.3987C25.2191 28.7737 25.0651 29.1527 24.7571 29.3767C24.5831 29.5037 24.3761 29.5677 24.1691 29.5677C24.0101 29.5677 23.8501 29.5297 23.7041 29.4527L16.0021 25.4037L8.30111 29.4517C7.96511 29.6297 7.55611 29.6007 7.24811 29.3757C6.94011 29.1517 6.78611 28.7727 6.85011 28.3977L8.32111 19.8217L2.09111 13.7507C1.81911 13.4847 1.72011 13.0867 1.83811 12.7257C1.95611 12.3647 2.26911 12.0997 2.64611 12.0447L11.2551 10.7947L15.1051 2.99272C15.4421 2.30972 16.5621 2.30972 16.8991 2.99272L20.7491 10.7947L29.3581 12.0447C29.7351 12.0997 30.0481 12.3637 30.1661 12.7257C30.2841 13.0877 30.1851 13.4837 29.9131 13.7507Z\" fill=\"white\"><\/path><\/svg>        <\/div>\r\n            <div class=\"pxl-icon-box__content\">\r\n        <h5 class=\"pxl-icon-box__title el-empty\">4,9\u2605 puan<\/h5>\r\n        <p class=\"pxl-icon-box__desc el-empty\">Toplulu\u011fumuz taraf\u0131ndan kalite, h\u0131z ve dikkat \u00e7ekici tasar\u0131m a\u00e7\u0131s\u0131ndan y\u00fcksek puan alm\u0131\u015ft\u0131r.\n<\/p>\r\n    <\/div>\r\n<\/div>\t\t\t\t<\/div>\n\t\t\t\t<\/div>\n\t\t\t\t<\/div>\r\n\t\t\t\t<\/div>\r\n\t\t\t\t\t<\/div>\r\n\t\t\t\t<\/div>\r\n\t\t\t\t<\/div>","protected":false},"excerpt":{"rendered":"<p>About Us An online store providing a diverse collection of unique avatar creations.From bold fantasy portraits to sleek minimalistic icons, the library features a wide range of high-quality profile images crafted by skilled creators worldwide. Whether you\u2019re refreshing a social profile, building a gaming persona, managing a community, or producing content, you\u2019ll discover avatars that [&hellip;]<\/p>\n","protected":false},"author":1,"featured_media":0,"parent":0,"menu_order":0,"comment_status":"closed","ping_status":"closed","template":"","meta":{"footnotes":""},"class_list":["post-3849","page","type-page","status-publish","hentry"],"_links":{"self":[{"href":"https:\/\/profile-art.com\/tr\/wp-json\/wp\/v2\/pages\/3849","targetHints":{"allow":["GET"]}}],"collection":[{"href":"https:\/\/profile-art.com\/tr\/wp-json\/wp\/v2\/pages"}],"about":[{"href":"https:\/\/profile-art.com\/tr\/wp-json\/wp\/v2\/types\/page"}],"author":[{"embeddable":true,"href":"https:\/\/profile-art.com\/tr\/wp-json\/wp\/v2\/users\/1"}],"replies":[{"embeddable":true,"href":"https:\/\/profile-art.com\/tr\/wp-json\/wp\/v2\/comments?post=3849"}],"version-history":[{"count":9,"href":"https:\/\/profile-art.com\/tr\/wp-json\/wp\/v2\/pages\/3849\/revisions"}],"predecessor-version":[{"id":20284,"href":"https:\/\/profile-art.com\/tr\/wp-json\/wp\/v2\/pages\/3849\/revisions\/20284"}],"wp:attachment":[{"href":"https:\/\/profile-art.com\/tr\/wp-json\/wp\/v2\/media?parent=3849"}],"curies":[{"name":"wp","href":"https:\/\/api.w.org\/{rel}","templated":true}]}}