{"id":16432,"date":"2026-03-02T14:23:33","date_gmt":"2026-03-02T14:23:33","guid":{"rendered":"http:\/\/profile-art.com\/?post_type=product&#038;p=16432"},"modified":"2026-03-02T15:06:43","modified_gmt":"2026-03-02T15:06:43","slug":"custom-avatar","status":"publish","type":"product","link":"https:\/\/profile-art.com\/tr\/urun\/custom-avatar\/","title":{"rendered":"\u00d6zel Avatar"},"content":{"rendered":"<h3 data-start=\"0\" data-end=\"47\">Ki\u015fiye \u00d6zel Avatar \u2014 Sadece Sizin \u0130\u00e7in Olu\u015fturuldu<\/h3>\n<p data-start=\"49\" data-end=\"266\">\u00d6zel Avatar bir <strong data-start=\"68\" data-end=\"97\">tamamen ki\u015fiselle\u015ftirilmi\u015f avatar<\/strong>, Vizyonunuza g\u00f6re s\u0131f\u0131rdan tasarlanm\u0131\u015f bir avatar. Bu \u00f6nceden haz\u0131rlanm\u0131\u015f bir varl\u0131k veya \u015fablon de\u011fil; her avatar, tarz\u0131n\u0131za, amac\u0131n\u0131za ve ki\u015fili\u011finize uyacak \u015fekilde benzersiz bir \u015fekilde tasarlanm\u0131\u015ft\u0131r.<\/p>\n<p data-start=\"268\" data-end=\"280\">\u015eunlar i\u00e7in ideal:<\/p>\n<ul>\n<li data-start=\"283\" data-end=\"306\">Sosyal medya profilleri<\/li>\n<li data-start=\"283\" data-end=\"306\">Oyun ve yay\u0131n platformlar\u0131<\/li>\n<li data-start=\"283\" data-end=\"306\">Discord \/ Telegram topluluklar\u0131<\/li>\n<li data-start=\"283\" data-end=\"306\">Markalar, kanallar ve projeler<\/li>\n<li data-start=\"283\" data-end=\"306\">Ki\u015fisel veya anonim kimlikler<\/li>\n<\/ul>\n<h4 data-start=\"450\" data-end=\"467\">Neler Elde Edersiniz?<\/h4>\n<ul>\n<li data-start=\"470\" data-end=\"503\">100% benzersiz, \u00f6zel yap\u0131m avatar<\/li>\n<li data-start=\"470\" data-end=\"503\">Ger\u00e7ek bir profesyonel sanat\u00e7\u0131 taraf\u0131ndan yarat\u0131lm\u0131\u015f sanat eseri.<\/li>\n<li data-start=\"470\" data-end=\"503\">\u00dcretim \u00f6ncesinde stil ve konsept uyumu<\/li>\n<li data-start=\"470\" data-end=\"503\">Y\u00fcksek \u00e7\u00f6z\u00fcn\u00fcrl\u00fckl\u00fc nihai dosyalar<\/li>\n<li data-start=\"470\" data-end=\"503\">A\u00e7\u0131k ve \u015feffaf kullan\u0131m lisans\u0131<\/li>\n<\/ul>\n<h4 data-start=\"677\" data-end=\"694\">Nas\u0131l \u00c7al\u0131\u015f\u0131r<\/h4>\n<ol data-start=\"695\" data-end=\"858\">\n<li data-start=\"695\" data-end=\"716\">\n<p data-start=\"698\" data-end=\"716\">Sipari\u015finizi verin<\/p>\n<\/li>\n<li data-start=\"762\" data-end=\"816\">\n<p data-start=\"765\" data-end=\"816\">Bir sanat\u00e7\u0131, sizin verdi\u011finiz bilgilere dayanarak avatar\u0131n\u0131z\u0131 olu\u015fturur.<\/p>\n<\/li>\n<li data-start=\"817\" data-end=\"858\">\n<p data-start=\"820\" data-end=\"858\">Son halini alm\u0131\u015f \u00f6zel tasar\u0131m \u00e7al\u0131\u015fman\u0131z\u0131 teslim alacaks\u0131n\u0131z.<\/p>\n<\/li>\n<\/ol>\n<p data-start=\"860\" data-end=\"1060\">Biz \u015funlar\u0131 savunuyoruz: <strong data-start=\"873\" data-end=\"926\">\u00f6zg\u00fcnl\u00fck, \u015feffafl\u0131k ve sanat\u00e7\u0131lar\u0131 g\u00fc\u00e7lendirme<\/strong>. S\u0131k kullan\u0131lan \u015fablonlar yok, s\u0131radan g\u00f6rseller yok; yaln\u0131zca \u00f6ne \u00e7\u0131kman\u0131za ve g\u00fc\u00e7l\u00fc bir g\u00f6rsel etki yaratman\u0131za yard\u0131mc\u0131 olmak i\u00e7in tasarlanm\u0131\u015f \u00f6zg\u00fcn tasar\u0131mlar.<\/p>\n<p data-start=\"1062\" data-end=\"1202\" data-is-last-node=\"\" data-is-only-node=\"\">Ma\u011fazam\u0131z s\u00fcrekli geli\u015fiyor, yeni stiller, sanat\u00e7\u0131lar ve yarat\u0131c\u0131 olanaklar ekleniyor; b\u00f6ylece her \u00f6zel avatar ger\u00e7ekten e\u015fsiz kal\u0131yor.<\/p>","protected":false},"excerpt":{"rendered":"<p>Custom Avatar \u2014 Created Exclusively for You Custom Avatar is a fully personalized avatar, crafted from scratch based on your vision. This is not a pre-made asset or a template \u2014 each avatar is uniquely designed to match your style, purpose, and personality. Perfect for: Social media profiles Gaming and streaming platforms Discord \/ Telegram [&hellip;]<\/p>\n","protected":false},"featured_media":16402,"comment_status":"open","ping_status":"closed","template":"","meta":[],"product_brand":[],"product_cat":[],"product_tag":[],"class_list":{"0":"post-16432","1":"product","2":"type-product","3":"status-publish","4":"has-post-thumbnail","7":"first","8":"instock","9":"downloadable","10":"shipping-taxable","11":"purchasable","12":"product-type-simple"},"_links":{"self":[{"href":"https:\/\/profile-art.com\/tr\/wp-json\/wp\/v2\/product\/16432","targetHints":{"allow":["GET"]}}],"collection":[{"href":"https:\/\/profile-art.com\/tr\/wp-json\/wp\/v2\/product"}],"about":[{"href":"https:\/\/profile-art.com\/tr\/wp-json\/wp\/v2\/types\/product"}],"replies":[{"embeddable":true,"href":"https:\/\/profile-art.com\/tr\/wp-json\/wp\/v2\/comments?post=16432"}],"version-history":[{"count":3,"href":"https:\/\/profile-art.com\/tr\/wp-json\/wp\/v2\/product\/16432\/revisions"}],"predecessor-version":[{"id":16461,"href":"https:\/\/profile-art.com\/tr\/wp-json\/wp\/v2\/product\/16432\/revisions\/16461"}],"wp:featuredmedia":[{"embeddable":true,"href":"https:\/\/profile-art.com\/tr\/wp-json\/wp\/v2\/media\/16402"}],"wp:attachment":[{"href":"https:\/\/profile-art.com\/tr\/wp-json\/wp\/v2\/media?parent=16432"}],"wp:term":[{"taxonomy":"product_brand","embeddable":true,"href":"https:\/\/profile-art.com\/tr\/wp-json\/wp\/v2\/product_brand?post=16432"},{"taxonomy":"product_cat","embeddable":true,"href":"https:\/\/profile-art.com\/tr\/wp-json\/wp\/v2\/product_cat?post=16432"},{"taxonomy":"product_tag","embeddable":true,"href":"https:\/\/profile-art.com\/tr\/wp-json\/wp\/v2\/product_tag?post=16432"}],"curies":[{"name":"wp","href":"https:\/\/api.w.org\/{rel}","templated":true}]}}