{"id":18496,"date":"2026-03-03T08:39:28","date_gmt":"2026-03-03T08:39:28","guid":{"rendered":"http:\/\/profile-art.com\/product\/crimson-spellcaster\/"},"modified":"2026-03-03T08:39:28","modified_gmt":"2026-03-03T08:39:28","slug":"crimson-spellcaster","status":"publish","type":"product","link":"https:\/\/profile-art.com\/tr\/urun\/crimson-spellcaster\/","title":{"rendered":"K\u0131z\u0131l B\u00fcy\u00fcc\u00fc"},"content":{"rendered":"","protected":false},"excerpt":{"rendered":"","protected":false},"featured_media":18495,"comment_status":"open","ping_status":"closed","template":"","meta":[],"product_brand":[],"product_cat":[91],"product_tag":[],"class_list":{"0":"post-18496","1":"product","2":"type-product","3":"status-publish","4":"has-post-thumbnail","6":"product_cat-fantasy-realm-characters","8":"first","9":"instock","10":"shipping-taxable","11":"purchasable","12":"product-type-variable"},"_links":{"self":[{"href":"https:\/\/profile-art.com\/tr\/wp-json\/wp\/v2\/product\/18496","targetHints":{"allow":["GET"]}}],"collection":[{"href":"https:\/\/profile-art.com\/tr\/wp-json\/wp\/v2\/product"}],"about":[{"href":"https:\/\/profile-art.com\/tr\/wp-json\/wp\/v2\/types\/product"}],"replies":[{"embeddable":true,"href":"https:\/\/profile-art.com\/tr\/wp-json\/wp\/v2\/comments?post=18496"}],"version-history":[{"count":0,"href":"https:\/\/profile-art.com\/tr\/wp-json\/wp\/v2\/product\/18496\/revisions"}],"wp:featuredmedia":[{"embeddable":true,"href":"https:\/\/profile-art.com\/tr\/wp-json\/wp\/v2\/media\/18495"}],"wp:attachment":[{"href":"https:\/\/profile-art.com\/tr\/wp-json\/wp\/v2\/media?parent=18496"}],"wp:term":[{"taxonomy":"product_brand","embeddable":true,"href":"https:\/\/profile-art.com\/tr\/wp-json\/wp\/v2\/product_brand?post=18496"},{"taxonomy":"product_cat","embeddable":true,"href":"https:\/\/profile-art.com\/tr\/wp-json\/wp\/v2\/product_cat?post=18496"},{"taxonomy":"product_tag","embeddable":true,"href":"https:\/\/profile-art.com\/tr\/wp-json\/wp\/v2\/product_tag?post=18496"}],"curies":[{"name":"wp","href":"https:\/\/api.w.org\/{rel}","templated":true}]}}